{"id":110,"date":"2021-05-14T14:37:06","date_gmt":"2021-05-14T12:37:06","guid":{"rendered":"https:\/\/www.mallorcaliteraria.cat\/webNova\/botiga\/?post_type=product&#038;p=110"},"modified":"2025-05-21T14:00:12","modified_gmt":"2025-05-21T12:00:12","slug":"actes-del-col-loqui-llorenc-villalonga","status":"publish","type":"product","link":"https:\/\/www.mallorcaliteraria.cat\/botiga\/producte\/actes-del-col-loqui-llorenc-villalonga\/","title":{"rendered":"Llibre: &#8220;Actes del col\u00b7loqui Lloren\u00e7 Villalonga&#8221;"},"content":{"rendered":"<p>A cura de Pere Rossell\u00f3 Bover.<br \/>\nEditorial: Publicacions de l&#8217;Abadia de Montserrat, Barcelona.<br \/>\nCol\u00b7lecci\u00f3: Biblioteca Miquel dels Sants Oliver, 10.<br \/>\nAny d&#8217;edici\u00f3: 1999<\/p>\n<p>Aquest volum recull les confer\u00e8ncies llegides en el Col\u00b7loqui Lloren\u00e7 Villalonga, celebrat del 20 al 22 de novembre de 1997 a Palma. Hi col\u00b7laboren alguns dels principals estudiosos de l&#8217;obra villalonguiana: Joaquim Molas, Carme Bosch, Jaume Pomar, Josep A. Grimalt, Carme Arnau, Vicent Simbor, Joan Oleza,Jos\u00e9 Carlos Llop, Sebasti\u00e0 Alzamora i Pere Rosell\u00f3 Bover, que ha tengut cura de l&#8217;edici\u00f3. En conjunt, es tracta d&#8217;una obra que tant interessar\u00e0 els especialistes, com els lectors de l&#8217;escriptor mallorqu\u00ed, que hi descobriran la gran varietat i la rica personalitat del m\u00f3n villalongui\u00e0.<\/p>\n<p>Tapa tova, 227 p\u00e0gines.<br \/>\nMides: 19 x 13 cms.                        <\/p>\n","protected":false},"excerpt":{"rendered":"<p>A cura de Pere Rossell\u00f3 Bover. Editorial: Publicacions de l&#8217;Abadia de Montserrat, Barcelona. Col\u00b7lecci\u00f3: Biblioteca Miquel dels Sants Oliver, 10. Any d&#8217;edici\u00f3: 1999 Aquest volum recull les confer\u00e8ncies llegides en el Col\u00b7loqui Lloren\u00e7 Villalonga, celebrat del 20 al 22 de novembre de 1997 a Palma. Hi col\u00b7laboren alguns dels principals estudiosos de l&#8217;obra villalonguiana: Joaquim [&hellip;]<\/p>\n","protected":false},"featured_media":111,"comment_status":"open","ping_status":"closed","template":"","meta":[],"product_brand":[],"product_cat":[21],"product_tag":[38],"class_list":{"0":"post-110","1":"product","2":"type-product","3":"status-publish","4":"has-post-thumbnail","6":"product_cat-bl","7":"product_tag-bl0003","9":"first","10":"instock","11":"shipping-taxable","12":"purchasable","13":"product-type-simple"},"_links":{"self":[{"href":"https:\/\/www.mallorcaliteraria.cat\/botiga\/wp-json\/wp\/v2\/product\/110","targetHints":{"allow":["GET"]}}],"collection":[{"href":"https:\/\/www.mallorcaliteraria.cat\/botiga\/wp-json\/wp\/v2\/product"}],"about":[{"href":"https:\/\/www.mallorcaliteraria.cat\/botiga\/wp-json\/wp\/v2\/types\/product"}],"replies":[{"embeddable":true,"href":"https:\/\/www.mallorcaliteraria.cat\/botiga\/wp-json\/wp\/v2\/comments?post=110"}],"wp:featuredmedia":[{"embeddable":true,"href":"https:\/\/www.mallorcaliteraria.cat\/botiga\/wp-json\/wp\/v2\/media\/111"}],"wp:attachment":[{"href":"https:\/\/www.mallorcaliteraria.cat\/botiga\/wp-json\/wp\/v2\/media?parent=110"}],"wp:term":[{"taxonomy":"product_brand","embeddable":true,"href":"https:\/\/www.mallorcaliteraria.cat\/botiga\/wp-json\/wp\/v2\/product_brand?post=110"},{"taxonomy":"product_cat","embeddable":true,"href":"https:\/\/www.mallorcaliteraria.cat\/botiga\/wp-json\/wp\/v2\/product_cat?post=110"},{"taxonomy":"product_tag","embeddable":true,"href":"https:\/\/www.mallorcaliteraria.cat\/botiga\/wp-json\/wp\/v2\/product_tag?post=110"}],"curies":[{"name":"wp","href":"https:\/\/api.w.org\/{rel}","templated":true}]}}