{"id":118,"date":"2021-05-14T14:48:00","date_gmt":"2021-05-14T12:48:00","guid":{"rendered":"https:\/\/www.mallorcaliteraria.cat\/webNova\/botiga\/?post_type=product&#038;p=118"},"modified":"2025-05-21T13:59:25","modified_gmt":"2025-05-21T11:59:25","slug":"aproximacio-a-villalonga-estudis-inedits-i-esparsos","status":"publish","type":"product","link":"https:\/\/www.mallorcaliteraria.cat\/botiga\/producte\/aproximacio-a-villalonga-estudis-inedits-i-esparsos\/","title":{"rendered":"Llibre: &#8220;Aproximaci\u00f3 a Villalonga: estudis in\u00e8dits i esparsos&#8221;"},"content":{"rendered":"<p>Autor\/a: Jaume Pomar.<br \/>\nA cura de Ramon Garcia Palacios.<br \/>\nEditorial: FML i Publicacions de l&#8217;Abadia de Montserrat, Barcelona.<br \/>\nCol\u00b7lecci\u00f3: Casa Museu Lloren\u00e7 Villalonga.<br \/>\nAny d&#8217;edici\u00f3: 2018<\/p>\n<p>Jaume Pomar i Llambias (Palma, 1943-2013), gran coneixedor i estudi\u00f3s de la traject\u00f2ria liter\u00e0ria i personal de Lloren\u00e7 Villalonga (Palma, 1897-1980), representa avui en dia una de les veus m\u00e9s significatives en l&#8217;aproximaci\u00f3 a la figura villalonguiana i als seus treballs, que constitueixen obres d&#8217;obligada consulta i refer\u00e8ncia per a qualsevol estudiant, investigador o divulgador de l&#8217;obra de l&#8217;autor de Mort de dama. Abans de morir, Jaume Pomar deix\u00e0 un recull de dotze treballs, alguns publicats, per\u00f2 de dif\u00edcil acc\u00e9s, i altres d&#8217;in\u00e8dits, que aborden diversos aspectes de la figura, traject\u00f2ria i producci\u00f3 liter\u00e0ria de Lloren\u00e7 Villalonga. Ram\u00f3n Garc\u00eda (Palma, 1976) s&#8217;ha encarregat de la transcripci\u00f3 i l&#8217;edici\u00f3 del volum, en el qual el lector podr\u00e0 trobar materials diversos que ens permetran fixar la transcend\u00e8ncia del binomi Pomar-Villalonga, evidenciant un cop m\u00e9s l&#8217;aportaci\u00f3 de la lectura i la interpretaci\u00f3 de Pomar en la divulgaci\u00f3 villalonguiana.<\/p>\n<p>Tapa tova, 248 p\u00e0gines.<br \/>\nMides: 20 x 12,5 cms.  <\/p>\n","protected":false},"excerpt":{"rendered":"<p>Autor\/a: Jaume Pomar. A cura de Ramon Garcia Palacios. Editorial: FML i Publicacions de l&#8217;Abadia de Montserrat, Barcelona. Col\u00b7lecci\u00f3: Casa Museu Lloren\u00e7 Villalonga. Any d&#8217;edici\u00f3: 2018 Jaume Pomar i Llambias (Palma, 1943-2013), gran coneixedor i estudi\u00f3s de la traject\u00f2ria liter\u00e0ria i personal de Lloren\u00e7 Villalonga (Palma, 1897-1980), representa avui en dia una de les veus [&hellip;]<\/p>\n","protected":false},"featured_media":119,"comment_status":"open","ping_status":"closed","template":"","meta":[],"product_brand":[],"product_cat":[21],"product_tag":[40],"class_list":{"0":"post-118","1":"product","2":"type-product","3":"status-publish","4":"has-post-thumbnail","6":"product_cat-bl","7":"product_tag-bl0005","9":"first","10":"instock","11":"shipping-taxable","12":"purchasable","13":"product-type-simple"},"_links":{"self":[{"href":"https:\/\/www.mallorcaliteraria.cat\/botiga\/wp-json\/wp\/v2\/product\/118","targetHints":{"allow":["GET"]}}],"collection":[{"href":"https:\/\/www.mallorcaliteraria.cat\/botiga\/wp-json\/wp\/v2\/product"}],"about":[{"href":"https:\/\/www.mallorcaliteraria.cat\/botiga\/wp-json\/wp\/v2\/types\/product"}],"replies":[{"embeddable":true,"href":"https:\/\/www.mallorcaliteraria.cat\/botiga\/wp-json\/wp\/v2\/comments?post=118"}],"wp:featuredmedia":[{"embeddable":true,"href":"https:\/\/www.mallorcaliteraria.cat\/botiga\/wp-json\/wp\/v2\/media\/119"}],"wp:attachment":[{"href":"https:\/\/www.mallorcaliteraria.cat\/botiga\/wp-json\/wp\/v2\/media?parent=118"}],"wp:term":[{"taxonomy":"product_brand","embeddable":true,"href":"https:\/\/www.mallorcaliteraria.cat\/botiga\/wp-json\/wp\/v2\/product_brand?post=118"},{"taxonomy":"product_cat","embeddable":true,"href":"https:\/\/www.mallorcaliteraria.cat\/botiga\/wp-json\/wp\/v2\/product_cat?post=118"},{"taxonomy":"product_tag","embeddable":true,"href":"https:\/\/www.mallorcaliteraria.cat\/botiga\/wp-json\/wp\/v2\/product_tag?post=118"}],"curies":[{"name":"wp","href":"https:\/\/api.w.org\/{rel}","templated":true}]}}