{"id":122,"date":"2021-05-14T15:01:40","date_gmt":"2021-05-14T13:01:40","guid":{"rendered":"https:\/\/www.mallorcaliteraria.cat\/webNova\/botiga\/?post_type=product&#038;p=122"},"modified":"2025-05-21T13:59:18","modified_gmt":"2025-05-21T11:59:18","slug":"aquilles-o-limpossible","status":"publish","type":"product","link":"https:\/\/www.mallorcaliteraria.cat\/botiga\/producte\/aquilles-o-limpossible\/","title":{"rendered":"Llibre: &#8220;Aquil\u00b7les o l&#8217;impossible&#8221;"},"content":{"rendered":"<p>Autor\/a: Lloren\u00e7 Villalonga.<br \/>\nEditorial: Moll, Palma<br \/>\nCol\u00b7lecci\u00f3: Biblioteca B\u00e0sica de Mallorca.<br \/>\nAny d&#8217;edici\u00f3: 1990<\/p>\n<p>L\u2019obra, apareguda a la col\u00b7lecci\u00f3 Raixa, n\u00ba 69, de l\u2019editorial Moll, de Mallorca, va precedida per una introducci\u00f3 a c\u00e0rrec de Josep M\u00aa Llompart.<\/p>\n<p>Lloren\u00e7 Villalonga (Palma, 1897-1980) assenyala amb la seva obra novel\u00b7l\u00edstica una de les fites m\u00e9s importants de la narrativa contempor\u00e0nia en llengua catalana. Aquesta circumst\u00e0ncia ha fet que no es valor\u00e0s a bastament el seu teatre, ple d\u2019enginy i, molt sovint, de subtil ironia. Un bon exemple d\u2019aquestes qualitats \u00e9s Aquil\u00b7les o l\u2019impossible, una trag\u00e8dia oscil\u00b7lant entre la s\u00e0tira i el neguit, que juntament amb una sorprenent incursi\u00f3 pel camp del teatre de l\u2019absurd, titulada Alta i benem\u00e8rita senyora, ofereix el present volum.<\/p>\n<p>Tapa tova, 144 p\u00e0gines.<br \/>\nMides: 18 x 11,5 cms.<\/p>\n","protected":false},"excerpt":{"rendered":"<p>Autor\/a: Lloren\u00e7 Villalonga. Editorial: Moll, Palma Col\u00b7lecci\u00f3: Biblioteca B\u00e0sica de Mallorca. Any d&#8217;edici\u00f3: 1990 L\u2019obra, apareguda a la col\u00b7lecci\u00f3 Raixa, n\u00ba 69, de l\u2019editorial Moll, de Mallorca, va precedida per una introducci\u00f3 a c\u00e0rrec de Josep M\u00aa Llompart. Lloren\u00e7 Villalonga (Palma, 1897-1980) assenyala amb la seva obra novel\u00b7l\u00edstica una de les fites m\u00e9s importants de [&hellip;]<\/p>\n","protected":false},"featured_media":123,"comment_status":"open","ping_status":"closed","template":"","meta":[],"product_brand":[],"product_cat":[21],"product_tag":[41],"class_list":{"0":"post-122","1":"product","2":"type-product","3":"status-publish","4":"has-post-thumbnail","6":"product_cat-bl","7":"product_tag-bl0006","9":"first","10":"instock","11":"shipping-taxable","12":"purchasable","13":"product-type-simple"},"_links":{"self":[{"href":"https:\/\/www.mallorcaliteraria.cat\/botiga\/wp-json\/wp\/v2\/product\/122","targetHints":{"allow":["GET"]}}],"collection":[{"href":"https:\/\/www.mallorcaliteraria.cat\/botiga\/wp-json\/wp\/v2\/product"}],"about":[{"href":"https:\/\/www.mallorcaliteraria.cat\/botiga\/wp-json\/wp\/v2\/types\/product"}],"replies":[{"embeddable":true,"href":"https:\/\/www.mallorcaliteraria.cat\/botiga\/wp-json\/wp\/v2\/comments?post=122"}],"wp:featuredmedia":[{"embeddable":true,"href":"https:\/\/www.mallorcaliteraria.cat\/botiga\/wp-json\/wp\/v2\/media\/123"}],"wp:attachment":[{"href":"https:\/\/www.mallorcaliteraria.cat\/botiga\/wp-json\/wp\/v2\/media?parent=122"}],"wp:term":[{"taxonomy":"product_brand","embeddable":true,"href":"https:\/\/www.mallorcaliteraria.cat\/botiga\/wp-json\/wp\/v2\/product_brand?post=122"},{"taxonomy":"product_cat","embeddable":true,"href":"https:\/\/www.mallorcaliteraria.cat\/botiga\/wp-json\/wp\/v2\/product_cat?post=122"},{"taxonomy":"product_tag","embeddable":true,"href":"https:\/\/www.mallorcaliteraria.cat\/botiga\/wp-json\/wp\/v2\/product_tag?post=122"}],"curies":[{"name":"wp","href":"https:\/\/api.w.org\/{rel}","templated":true}]}}