{"id":139,"date":"2021-05-17T12:52:59","date_gmt":"2021-05-17T10:52:59","guid":{"rendered":"https:\/\/www.mallorcaliteraria.cat\/webNova\/botiga\/?post_type=product&#038;p=139"},"modified":"2023-07-20T16:57:14","modified_gmt":"2023-07-20T14:57:14","slug":"llibre-bearn-o-la-sala-de-munecas","status":"publish","type":"product","link":"https:\/\/www.mallorcaliteraria.cat\/botiga\/producte\/llibre-bearn-o-la-sala-de-munecas\/","title":{"rendered":"Llibre: &#8220;Bearn o la sala de las mu\u00f1ecas&#8221;"},"content":{"rendered":"<p>Autor\/a: Lloren\u00e7 Villalonga<br \/>\nPr\u00f2leg: Baltasar Porcel.<br \/>\nEdici\u00f3 de l&#8217;Institut d&#8217;Estudis Bale\u00e0rics, Govern de les Illes Balears, Palma.<br \/>\nAny d&#8217;edici\u00f3: 2006<\/p>\n<p>Bearn, publicada por primera vez en castellano en 1956, es la novela de la decadencia social, moral e incluso f\u00edsica de la aristocracia mallorquina. Bearn es una eleg\u00eda a las postrimer\u00edas de una clase feudal y refinada en el mundo cerrado de una isla, que, en su interior, esconde sus verdaderas dimensiones y hace m\u00e1s explosivas las pasiones y m\u00e1s dram\u00e1ticos los acontecimientos que ocurren en los polvorientos salones de baile, en las caballerizas desiertas o en los laboratorios en los que unas supervivientes figuras de cera se entretienen con la ciencia o la erudicci\u00f3n de juguete. Un extenso y capital pr\u00f3logo de Baltasar Porcel perfila con valios\u00edsima informaci\u00f3n de primera mano la singular figura del escritor y nos informa de las g\u00e9nesis e historial de la obra, que hoy es reeditada en un texto enteramente fiel al original en castellano, en la conmemoraci\u00f3n de su 50\u00ba aniversario.<\/p>\n<p>Tapa dura amb sobrecoberta, 289 p\u00e0gines.<br \/>\nMides: 25 x 17 cms.<\/p>\n","protected":false},"excerpt":{"rendered":"<p>Autor\/a: Lloren\u00e7 Villalonga Pr\u00f2leg: Baltasar Porcel. Edici\u00f3 de l&#8217;Institut d&#8217;Estudis Bale\u00e0rics, Govern de les Illes Balears, Palma. Any d&#8217;edici\u00f3: 2006 Bearn, publicada por primera vez en castellano en 1956, es la novela de la decadencia social, moral e incluso f\u00edsica de la aristocracia mallorquina. Bearn es una eleg\u00eda a las postrimer\u00edas de una clase feudal [&hellip;]<\/p>\n","protected":false},"featured_media":145,"comment_status":"open","ping_status":"closed","template":"","meta":[],"product_brand":[],"product_cat":[21],"product_tag":[44],"class_list":{"0":"post-139","1":"product","2":"type-product","3":"status-publish","4":"has-post-thumbnail","6":"product_cat-bl","7":"product_tag-bl0008","9":"first","10":"outofstock","11":"shipping-taxable","12":"purchasable","13":"product-type-simple"},"_links":{"self":[{"href":"https:\/\/www.mallorcaliteraria.cat\/botiga\/wp-json\/wp\/v2\/product\/139","targetHints":{"allow":["GET"]}}],"collection":[{"href":"https:\/\/www.mallorcaliteraria.cat\/botiga\/wp-json\/wp\/v2\/product"}],"about":[{"href":"https:\/\/www.mallorcaliteraria.cat\/botiga\/wp-json\/wp\/v2\/types\/product"}],"replies":[{"embeddable":true,"href":"https:\/\/www.mallorcaliteraria.cat\/botiga\/wp-json\/wp\/v2\/comments?post=139"}],"wp:featuredmedia":[{"embeddable":true,"href":"https:\/\/www.mallorcaliteraria.cat\/botiga\/wp-json\/wp\/v2\/media\/145"}],"wp:attachment":[{"href":"https:\/\/www.mallorcaliteraria.cat\/botiga\/wp-json\/wp\/v2\/media?parent=139"}],"wp:term":[{"taxonomy":"product_brand","embeddable":true,"href":"https:\/\/www.mallorcaliteraria.cat\/botiga\/wp-json\/wp\/v2\/product_brand?post=139"},{"taxonomy":"product_cat","embeddable":true,"href":"https:\/\/www.mallorcaliteraria.cat\/botiga\/wp-json\/wp\/v2\/product_cat?post=139"},{"taxonomy":"product_tag","embeddable":true,"href":"https:\/\/www.mallorcaliteraria.cat\/botiga\/wp-json\/wp\/v2\/product_tag?post=139"}],"curies":[{"name":"wp","href":"https:\/\/api.w.org\/{rel}","templated":true}]}}