{"id":177,"date":"2021-05-17T13:55:50","date_gmt":"2021-05-17T11:55:50","guid":{"rendered":"https:\/\/www.mallorcaliteraria.cat\/webNova\/botiga\/?post_type=product&#038;p=177"},"modified":"2025-05-21T13:55:48","modified_gmt":"2025-05-21T11:55:48","slug":"llibre-el-poema-de-lallapassa","status":"publish","type":"product","link":"https:\/\/www.mallorcaliteraria.cat\/botiga\/producte\/llibre-el-poema-de-lallapassa\/","title":{"rendered":"Llibre: &#8220;El Poema de l&#8217;Allapassa&#8221;"},"content":{"rendered":"<p>Autor\/a: Maria Ant\u00f2nia Salv\u00e0.<br \/>\nIl\u00b7lustracions: Toni Galm\u00e9s.<br \/>\nTextos de Isabel Granya, Autora Jhardi i Pep Toni Ferrer.<br \/>\nEditorial: Sa\u00efm Edicions, Palma.<br \/>\nAny d&#8217;edici\u00f3: 2020.<\/p>\n<p>Nova edici\u00f3 de l&#8217;emblem\u00e0tic poema de Maria Ant\u00f2nia Salv\u00e0, en versi\u00f3 rellegida i il\u00b7lustrada. El &#8220;Poema de l&#8217;Allapassa&#8221; \u00e9s un cant al parad\u00eds po\u00e8tic de Maria Ant\u00f2nia Salv\u00e0, per\u00f2 tamb\u00e9 el retrat d&#8217;un espai f\u00edsic i metaf\u00edsic que perviu envoltat de les runes del que un temps fou Mallorca. Salv\u00e0 \u00e9s considerada la primera poeta moderna en catal\u00e0. Formada en l&#8217;ambient culte de la Renaixen\u00e7a mallorquina, es va donar con\u00e8ixer a la darrera d\u00e8cada del segle XIX. Dona culta amb una veu po\u00e8tica clara i elegant que Josep Carner admirava.<\/p>\n<p>Tapa dura, 93 p\u00e0gines.<br \/>\nMides: 23,5 x 17,5 cms.   <\/p>\n","protected":false},"excerpt":{"rendered":"<p>Autor\/a: Maria Ant\u00f2nia Salv\u00e0. Il\u00b7lustracions: Toni Galm\u00e9s. Textos de Isabel Granya, Autora Jhardi i Pep Toni Ferrer. Editorial: Sa\u00efm Edicions, Palma. Any d&#8217;edici\u00f3: 2020. Nova edici\u00f3 de l&#8217;emblem\u00e0tic poema de Maria Ant\u00f2nia Salv\u00e0, en versi\u00f3 rellegida i il\u00b7lustrada. El &#8220;Poema de l&#8217;Allapassa&#8221; \u00e9s un cant al parad\u00eds po\u00e8tic de Maria Ant\u00f2nia Salv\u00e0, per\u00f2 tamb\u00e9 el [&hellip;]<\/p>\n","protected":false},"featured_media":178,"comment_status":"open","ping_status":"closed","template":"","meta":[],"product_brand":[],"product_cat":[21],"product_tag":[53],"class_list":{"0":"post-177","1":"product","2":"type-product","3":"status-publish","4":"has-post-thumbnail","6":"product_cat-bl","7":"product_tag-bl0019","9":"first","10":"instock","11":"shipping-taxable","12":"purchasable","13":"product-type-simple"},"_links":{"self":[{"href":"https:\/\/www.mallorcaliteraria.cat\/botiga\/wp-json\/wp\/v2\/product\/177","targetHints":{"allow":["GET"]}}],"collection":[{"href":"https:\/\/www.mallorcaliteraria.cat\/botiga\/wp-json\/wp\/v2\/product"}],"about":[{"href":"https:\/\/www.mallorcaliteraria.cat\/botiga\/wp-json\/wp\/v2\/types\/product"}],"replies":[{"embeddable":true,"href":"https:\/\/www.mallorcaliteraria.cat\/botiga\/wp-json\/wp\/v2\/comments?post=177"}],"wp:featuredmedia":[{"embeddable":true,"href":"https:\/\/www.mallorcaliteraria.cat\/botiga\/wp-json\/wp\/v2\/media\/178"}],"wp:attachment":[{"href":"https:\/\/www.mallorcaliteraria.cat\/botiga\/wp-json\/wp\/v2\/media?parent=177"}],"wp:term":[{"taxonomy":"product_brand","embeddable":true,"href":"https:\/\/www.mallorcaliteraria.cat\/botiga\/wp-json\/wp\/v2\/product_brand?post=177"},{"taxonomy":"product_cat","embeddable":true,"href":"https:\/\/www.mallorcaliteraria.cat\/botiga\/wp-json\/wp\/v2\/product_cat?post=177"},{"taxonomy":"product_tag","embeddable":true,"href":"https:\/\/www.mallorcaliteraria.cat\/botiga\/wp-json\/wp\/v2\/product_tag?post=177"}],"curies":[{"name":"wp","href":"https:\/\/api.w.org\/{rel}","templated":true}]}}