{"id":184,"date":"2021-05-17T14:10:54","date_gmt":"2021-05-17T12:10:54","guid":{"rendered":"https:\/\/www.mallorcaliteraria.cat\/webNova\/botiga\/?post_type=product&#038;p=184"},"modified":"2025-05-21T13:55:34","modified_gmt":"2025-05-21T11:55:34","slug":"llibre-els-paradisos-perduts-de-llorenc-villalonga","status":"publish","type":"product","link":"https:\/\/www.mallorcaliteraria.cat\/botiga\/producte\/llibre-els-paradisos-perduts-de-llorenc-villalonga\/","title":{"rendered":"Llibre: &#8220;Els paradisos perduts de Lloren\u00e7 Villalonga&#8221;"},"content":{"rendered":"<p>Autor\/a: Pere Rossell\u00f3 Bover<br \/>\nEditorial: Proa, Barcelona.<br \/>\nCol\u00b7lecci\u00f3: Les Eines.<br \/>\nAny d&#8217;edici\u00f3: 2001<\/p>\n<p>Aquest volum \u00e9s una introducci\u00f3 general a la  vida i obra de Lloren\u00e7 Villalonga, una antologia dels seus textos i una guia did\u00e0ctica per comprendre millor l&#8217;escriptor mallorqu\u00ed. Penetrar en el seu m\u00f3n literari \u00e9s una aventura intel\u00b7lectual profundament enriquidora, sobretot perqu\u00e8 ens ensenya a pensar amb absoluta llibertat i a entendre la literatura com una manera de viure.<\/p>\n<p>Tapa tova, 200 p\u00e0gines.<br \/>\nMides: 19,5 x 13 cms.   <\/p>\n","protected":false},"excerpt":{"rendered":"<p>Autor\/a: Pere Rossell\u00f3 Bover Editorial: Proa, Barcelona. Col\u00b7lecci\u00f3: Les Eines. Any d&#8217;edici\u00f3: 2001 Aquest volum \u00e9s una introducci\u00f3 general a la vida i obra de Lloren\u00e7 Villalonga, una antologia dels seus textos i una guia did\u00e0ctica per comprendre millor l&#8217;escriptor mallorqu\u00ed. Penetrar en el seu m\u00f3n literari \u00e9s una aventura intel\u00b7lectual profundament enriquidora, sobretot perqu\u00e8 [&hellip;]<\/p>\n","protected":false},"featured_media":185,"comment_status":"open","ping_status":"closed","template":"","meta":[],"product_brand":[],"product_cat":[21],"product_tag":[55],"class_list":{"0":"post-184","1":"product","2":"type-product","3":"status-publish","4":"has-post-thumbnail","6":"product_cat-bl","7":"product_tag-bl0021","9":"first","10":"instock","11":"shipping-taxable","12":"purchasable","13":"product-type-simple"},"_links":{"self":[{"href":"https:\/\/www.mallorcaliteraria.cat\/botiga\/wp-json\/wp\/v2\/product\/184","targetHints":{"allow":["GET"]}}],"collection":[{"href":"https:\/\/www.mallorcaliteraria.cat\/botiga\/wp-json\/wp\/v2\/product"}],"about":[{"href":"https:\/\/www.mallorcaliteraria.cat\/botiga\/wp-json\/wp\/v2\/types\/product"}],"replies":[{"embeddable":true,"href":"https:\/\/www.mallorcaliteraria.cat\/botiga\/wp-json\/wp\/v2\/comments?post=184"}],"wp:featuredmedia":[{"embeddable":true,"href":"https:\/\/www.mallorcaliteraria.cat\/botiga\/wp-json\/wp\/v2\/media\/185"}],"wp:attachment":[{"href":"https:\/\/www.mallorcaliteraria.cat\/botiga\/wp-json\/wp\/v2\/media?parent=184"}],"wp:term":[{"taxonomy":"product_brand","embeddable":true,"href":"https:\/\/www.mallorcaliteraria.cat\/botiga\/wp-json\/wp\/v2\/product_brand?post=184"},{"taxonomy":"product_cat","embeddable":true,"href":"https:\/\/www.mallorcaliteraria.cat\/botiga\/wp-json\/wp\/v2\/product_cat?post=184"},{"taxonomy":"product_tag","embeddable":true,"href":"https:\/\/www.mallorcaliteraria.cat\/botiga\/wp-json\/wp\/v2\/product_tag?post=184"}],"curies":[{"name":"wp","href":"https:\/\/api.w.org\/{rel}","templated":true}]}}