{"id":188,"date":"2021-05-17T14:17:12","date_gmt":"2021-05-17T12:17:12","guid":{"rendered":"https:\/\/www.mallorcaliteraria.cat\/webNova\/botiga\/?post_type=product&#038;p=188"},"modified":"2025-05-21T13:55:25","modified_gmt":"2025-05-21T11:55:25","slug":"llibre-camins-creuats-iv-homenatge-a-victor-siurana","status":"publish","type":"product","link":"https:\/\/www.mallorcaliteraria.cat\/botiga\/producte\/llibre-camins-creuats-iv-homenatge-a-victor-siurana\/","title":{"rendered":"Llibre: &#8220;Camins creuats IV. Homenatge a V\u00edctor Siurana&#8221;"},"content":{"rendered":"<p>Autor\/a: Varis<br \/>\nEditorial: Pag\u00e8s Editor.<br \/>\nCol\u00b7lecci\u00f3 El fil d&#8217;Ariadna.<br \/>\nAny d&#8217;edici\u00f3: 1997<\/p>\n<p>Aquest llibre \u00e9s el fruit de l&#8217;esfor\u00e7 de la seva comunitat\u00a0universit\u00e0ria per retre homenatge a la figura de V\u00edctor Siurana. Tots\u00a0els que hi participen no el coneixien directament potser, per. han\u00a0conreat la tem\u00e0tica que ell estimava i les afinitats electives fan que\u00a0 els esperits amics es trobin m\u00e9s enll\u00e0 de les fronteres de la vida i\u00a0de la mort. En V\u00edctor nasqu\u00e9 a Lleida amb arrels a Torres de Segre un\u00a0dia fred de novembre sota el signe d&#8217;escorp\u00ed. Va fer estudis al\u00a0col\u00b7legi dels Maristes de Lleida. All\u00ed troba alguns d&#8217;aquells que\u00a0esdevindrien amb el temps els seus millors amics, Xavier Maurel,\u00a0Manuel Lladonosa, entre d&#8217;altres. El seu tema era la filosofia, per.\u00a0el caracteritzava una curiositat intel\u00b7lectual que el feia conrear\u00a0l&#8217;est\u00e8tica, el llenguatge, l&#8217;art, la m\u00fasica&#8230; El seu ideal anava cap\u00a0a una formaci\u00f3 integral de l&#8217;individu, vell somni renaixentista&#8230;La\u00a0seva amant, infidel, dol\u00e7a i amarga a la vegada, fou la Universitat.\u00a0No la tra\u00ed mai, hi dedic\u00e0 tots els seus somnis, tots els seus\u00a0esfor\u00e7os, tot el seu amor&#8230;I el somni es f\u00e9u realitat l&#8217;any 1992.\u00a0Lleida tenia Universitat, V\u00edctor Siurana n&#8217;era el catedr\u00e0tic de\u00a0ling\u00fc\u00edstica general i el primer rector&#8230; Avui volem recordar-lo amb\u00a0una de les eines que ell m\u00e9s estimava: el llibre. Aquest \u00e9s un llibre\u00a0per a ell, en ell i amb ell que la Universitat de Lleida li ofereix\u00a0amb reconeixement i amor.<\/p>\n<p>Tapa tova, 190 p\u00e0gines.<br \/>\nMides: 28 x 19,5 cms.  <\/p>\n","protected":false},"excerpt":{"rendered":"<p>Autor\/a: Varis Editorial: Pag\u00e8s Editor. Col\u00b7lecci\u00f3 El fil d&#8217;Ariadna. Any d&#8217;edici\u00f3: 1997 Aquest llibre \u00e9s el fruit de l&#8217;esfor\u00e7 de la seva comunitat\u00a0universit\u00e0ria per retre homenatge a la figura de V\u00edctor Siurana. Tots\u00a0els que hi participen no el coneixien directament potser, per. han\u00a0conreat la tem\u00e0tica que ell estimava i les afinitats electives fan que\u00a0 els [&hellip;]<\/p>\n","protected":false},"featured_media":189,"comment_status":"open","ping_status":"closed","template":"","meta":[],"product_brand":[],"product_cat":[21],"product_tag":[56],"class_list":{"0":"post-188","1":"product","2":"type-product","3":"status-publish","4":"has-post-thumbnail","6":"product_cat-bl","7":"product_tag-bl0013","9":"first","10":"instock","11":"shipping-taxable","12":"purchasable","13":"product-type-simple"},"_links":{"self":[{"href":"https:\/\/www.mallorcaliteraria.cat\/botiga\/wp-json\/wp\/v2\/product\/188","targetHints":{"allow":["GET"]}}],"collection":[{"href":"https:\/\/www.mallorcaliteraria.cat\/botiga\/wp-json\/wp\/v2\/product"}],"about":[{"href":"https:\/\/www.mallorcaliteraria.cat\/botiga\/wp-json\/wp\/v2\/types\/product"}],"replies":[{"embeddable":true,"href":"https:\/\/www.mallorcaliteraria.cat\/botiga\/wp-json\/wp\/v2\/comments?post=188"}],"wp:featuredmedia":[{"embeddable":true,"href":"https:\/\/www.mallorcaliteraria.cat\/botiga\/wp-json\/wp\/v2\/media\/189"}],"wp:attachment":[{"href":"https:\/\/www.mallorcaliteraria.cat\/botiga\/wp-json\/wp\/v2\/media?parent=188"}],"wp:term":[{"taxonomy":"product_brand","embeddable":true,"href":"https:\/\/www.mallorcaliteraria.cat\/botiga\/wp-json\/wp\/v2\/product_brand?post=188"},{"taxonomy":"product_cat","embeddable":true,"href":"https:\/\/www.mallorcaliteraria.cat\/botiga\/wp-json\/wp\/v2\/product_cat?post=188"},{"taxonomy":"product_tag","embeddable":true,"href":"https:\/\/www.mallorcaliteraria.cat\/botiga\/wp-json\/wp\/v2\/product_tag?post=188"}],"curies":[{"name":"wp","href":"https:\/\/api.w.org\/{rel}","templated":true}]}}