{"id":192,"date":"2021-05-17T14:20:52","date_gmt":"2021-05-17T12:20:52","guid":{"rendered":"https:\/\/www.mallorcaliteraria.cat\/webNova\/botiga\/?post_type=product&#038;p=192"},"modified":"2025-05-21T13:55:18","modified_gmt":"2025-05-21T11:55:18","slug":"llibre-entre-el-record-i-lenyoranca","status":"publish","type":"product","link":"https:\/\/www.mallorcaliteraria.cat\/botiga\/producte\/llibre-entre-el-record-i-lenyoranca\/","title":{"rendered":"Llibre: &#8220;Entre el record i l&#8217;enyoran\u00e7a&#8221;"},"content":{"rendered":"<p>Autor\/a: Maria Ant\u00f2nia Salv\u00e0<br \/>\nEditorial: Moll, Palma.<br \/>\nCol\u00b7lecci\u00f3: Obres de MASalv\u00e0, 6.<br \/>\nAny d&#8217;edici\u00f3: 1981<\/p>\n<p>Estudi de l&#8217;obra &#8216;Entre el record i l&#8217;enyoran\u00e7a&#8217;, les mem\u00f2ries liter\u00e0ries de Maria Ant\u00f2nia Salv\u00e0 formades per vint-i-tres notes breus en prosa publicades conjuntament el 1955 i centrades en la seva infantesa. S&#8217;estudien els apartats seg\u00fcents: l&#8217;estructura, l&#8217;estil, l&#8217;espai, el temps, els personatges, els nuclis ideol\u00f2gics de la narraci\u00f3, l&#8217;opci\u00f3 ling\u00fc\u00edstica de l&#8217;autora i el sentiment religi\u00f3s de l&#8217;obra.<\/p>\n<p>Tapa tova, 167 p\u00e0gines.<br \/>\nMides: 16,5 x 12 cms.   <\/p>\n","protected":false},"excerpt":{"rendered":"<p>Autor\/a: Maria Ant\u00f2nia Salv\u00e0 Editorial: Moll, Palma. Col\u00b7lecci\u00f3: Obres de MASalv\u00e0, 6. Any d&#8217;edici\u00f3: 1981 Estudi de l&#8217;obra &#8216;Entre el record i l&#8217;enyoran\u00e7a&#8217;, les mem\u00f2ries liter\u00e0ries de Maria Ant\u00f2nia Salv\u00e0 formades per vint-i-tres notes breus en prosa publicades conjuntament el 1955 i centrades en la seva infantesa. S&#8217;estudien els apartats seg\u00fcents: l&#8217;estructura, l&#8217;estil, l&#8217;espai, el [&hellip;]<\/p>\n","protected":false},"featured_media":193,"comment_status":"open","ping_status":"closed","template":"","meta":[],"product_brand":[],"product_cat":[21],"product_tag":[57],"class_list":{"0":"post-192","1":"product","2":"type-product","3":"status-publish","4":"has-post-thumbnail","6":"product_cat-bl","7":"product_tag-bl0022","9":"first","10":"instock","11":"shipping-taxable","12":"purchasable","13":"product-type-simple"},"_links":{"self":[{"href":"https:\/\/www.mallorcaliteraria.cat\/botiga\/wp-json\/wp\/v2\/product\/192","targetHints":{"allow":["GET"]}}],"collection":[{"href":"https:\/\/www.mallorcaliteraria.cat\/botiga\/wp-json\/wp\/v2\/product"}],"about":[{"href":"https:\/\/www.mallorcaliteraria.cat\/botiga\/wp-json\/wp\/v2\/types\/product"}],"replies":[{"embeddable":true,"href":"https:\/\/www.mallorcaliteraria.cat\/botiga\/wp-json\/wp\/v2\/comments?post=192"}],"wp:featuredmedia":[{"embeddable":true,"href":"https:\/\/www.mallorcaliteraria.cat\/botiga\/wp-json\/wp\/v2\/media\/193"}],"wp:attachment":[{"href":"https:\/\/www.mallorcaliteraria.cat\/botiga\/wp-json\/wp\/v2\/media?parent=192"}],"wp:term":[{"taxonomy":"product_brand","embeddable":true,"href":"https:\/\/www.mallorcaliteraria.cat\/botiga\/wp-json\/wp\/v2\/product_brand?post=192"},{"taxonomy":"product_cat","embeddable":true,"href":"https:\/\/www.mallorcaliteraria.cat\/botiga\/wp-json\/wp\/v2\/product_cat?post=192"},{"taxonomy":"product_tag","embeddable":true,"href":"https:\/\/www.mallorcaliteraria.cat\/botiga\/wp-json\/wp\/v2\/product_tag?post=192"}],"curies":[{"name":"wp","href":"https:\/\/api.w.org\/{rel}","templated":true}]}}