{"id":226,"date":"2021-05-18T11:02:19","date_gmt":"2021-05-18T09:02:19","guid":{"rendered":"https:\/\/www.mallorcaliteraria.cat\/botiga\/?post_type=product&#038;p=226"},"modified":"2025-12-11T14:29:37","modified_gmt":"2025-12-11T12:29:37","slug":"llibre-geografies-literaries-illes-balears-i-pitiuses","status":"publish","type":"product","link":"https:\/\/www.mallorcaliteraria.cat\/botiga\/producte\/llibre-geografies-literaries-illes-balears-i-pitiuses\/","title":{"rendered":"Llibre: &#8220;Geografies liter\u00e0ries. Illes Balears i Piti\u00fcses&#8221;"},"content":{"rendered":"<p>Autor\/a: Lloren\u00e7 Soldevila Balart.<br \/>\nEditorial: P\u00f2rtic.<br \/>\nCol\u00b7lecci\u00f3: Geografia liter\u00e0ria<br \/>\nAny d&#8217;edici\u00f3: 2017<\/p>\n<p>La Geografia liter\u00e0ria dedica aquest 5\u00e8 volum de la col\u00b7lecci\u00f3 a les Illes Balears i Piti\u00fcses. Com passa amb la resta de t\u00edtols, els textos literaris triats de prop de 100 autors de totes les \u00e8poques per cada un dels 500 llocs permeten la pr\u00e0ctica d&#8217;un turisme cultural -sigui sobre el terreny o des de casa estant- que facilita la descoberta o redescoberta de paratges del pa\u00eds que coneix\u00edem massa superficialment. Abra\u00e7a de Ramon Llull a Sebasti\u00e0 Alzamora, passant per Miquel Costa i Llobera, Blai Bonet, Baltasar Porcel i tots els altres cl\u00e0ssics dels segles XIX i XX.<\/p>\n<p>Tapa tova, 488 p\u00e0gines.<br \/>\nMides: 24 x 13 cms.<\/p>\n","protected":false},"excerpt":{"rendered":"<p>Autor\/a: Lloren\u00e7 Soldevila Balart. Editorial: P\u00f2rtic. Col\u00b7lecci\u00f3: Geografia liter\u00e0ria Any d&#8217;edici\u00f3: 2017 La Geografia liter\u00e0ria dedica aquest 5\u00e8 volum de la col\u00b7lecci\u00f3 a les Illes Balears i Piti\u00fcses. Com passa amb la resta de t\u00edtols, els textos literaris triats de prop de 100 autors de totes les \u00e8poques per cada un dels 500 llocs permeten [&hellip;]<\/p>\n","protected":false},"featured_media":227,"comment_status":"open","ping_status":"closed","template":"","meta":[],"product_brand":[],"product_cat":[21],"product_tag":[67],"class_list":{"0":"post-226","1":"product","2":"type-product","3":"status-publish","4":"has-post-thumbnail","6":"product_cat-bl","7":"product_tag-bl0032","9":"first","10":"outofstock","11":"shipping-taxable","12":"purchasable","13":"product-type-simple"},"_links":{"self":[{"href":"https:\/\/www.mallorcaliteraria.cat\/botiga\/wp-json\/wp\/v2\/product\/226","targetHints":{"allow":["GET"]}}],"collection":[{"href":"https:\/\/www.mallorcaliteraria.cat\/botiga\/wp-json\/wp\/v2\/product"}],"about":[{"href":"https:\/\/www.mallorcaliteraria.cat\/botiga\/wp-json\/wp\/v2\/types\/product"}],"replies":[{"embeddable":true,"href":"https:\/\/www.mallorcaliteraria.cat\/botiga\/wp-json\/wp\/v2\/comments?post=226"}],"wp:featuredmedia":[{"embeddable":true,"href":"https:\/\/www.mallorcaliteraria.cat\/botiga\/wp-json\/wp\/v2\/media\/227"}],"wp:attachment":[{"href":"https:\/\/www.mallorcaliteraria.cat\/botiga\/wp-json\/wp\/v2\/media?parent=226"}],"wp:term":[{"taxonomy":"product_brand","embeddable":true,"href":"https:\/\/www.mallorcaliteraria.cat\/botiga\/wp-json\/wp\/v2\/product_brand?post=226"},{"taxonomy":"product_cat","embeddable":true,"href":"https:\/\/www.mallorcaliteraria.cat\/botiga\/wp-json\/wp\/v2\/product_cat?post=226"},{"taxonomy":"product_tag","embeddable":true,"href":"https:\/\/www.mallorcaliteraria.cat\/botiga\/wp-json\/wp\/v2\/product_tag?post=226"}],"curies":[{"name":"wp","href":"https:\/\/api.w.org\/{rel}","templated":true}]}}