{"id":242,"date":"2021-05-18T12:09:42","date_gmt":"2021-05-18T10:09:42","guid":{"rendered":"https:\/\/www.mallorcaliteraria.cat\/botiga\/?post_type=product&#038;p=242"},"modified":"2025-05-21T12:52:34","modified_gmt":"2025-05-21T10:52:34","slug":"llibre-la-marquesa-de-pax-i-altres-disbarats","status":"publish","type":"product","link":"https:\/\/www.mallorcaliteraria.cat\/botiga\/producte\/llibre-la-marquesa-de-pax-i-altres-disbarats\/","title":{"rendered":"Llibre: &#8220;La marquesa de Pax i altres disbarats&#8221;"},"content":{"rendered":"<p>Autor\/a: Lloren\u00e7 Villalonga.<br \/>\nEditorial: El Club Editor, Barcelona.<br \/>\nCol\u00b7lecci\u00f3: El pi de les tres branques.<br \/>\nAny d&#8217;edici\u00f3: 1975<\/p>\n<p>Lloren\u00e7 Villalonga anomena &#8220;disbarats&#8221; unes peces aparentment teatrals per b\u00e9 que dif\u00edcilment representables que ofereixen analogies -remarca el prologuista &#8211; d&#8217;una banda amb certs &#8220;entremeses&#8221; del teatre cl\u00e0ssic castell\u00e0 i amb certes &#8220;gatades&#8221; del catal\u00e0 de fa m\u00e9s de cent anys i d&#8217;una altra amb l&#8217;actual &#8220;teatre de l&#8217;absurd&#8221;. El resultat, original\u00edssim, \u00e9s un &#8220;teatre per llegir&#8221;. La tragicom\u00e8dia de La Marquesa de Pax no t\u00e9 certament pari\u00f3 en el panorama de les lletres actuals i el fort accent mallorqu\u00ed no n&#8217;\u00e9s pas l&#8217;al\u00b7licient m\u00e9s secundari.<\/p>\n<p>Tapa dura, 224 p\u00e0gines.<br \/>\nMides: 19 x 13,5 cms.<\/p>\n","protected":false},"excerpt":{"rendered":"<p>Autor\/a: Lloren\u00e7 Villalonga. Editorial: El Club Editor, Barcelona. Col\u00b7lecci\u00f3: El pi de les tres branques. Any d&#8217;edici\u00f3: 1975 Lloren\u00e7 Villalonga anomena &#8220;disbarats&#8221; unes peces aparentment teatrals per b\u00e9 que dif\u00edcilment representables que ofereixen analogies -remarca el prologuista &#8211; d&#8217;una banda amb certs &#8220;entremeses&#8221; del teatre cl\u00e0ssic castell\u00e0 i amb certes &#8220;gatades&#8221; del catal\u00e0 de fa [&hellip;]<\/p>\n","protected":false},"featured_media":243,"comment_status":"open","ping_status":"closed","template":"","meta":[],"product_brand":[],"product_cat":[21],"product_tag":[71],"class_list":{"0":"post-242","1":"product","2":"type-product","3":"status-publish","4":"has-post-thumbnail","6":"product_cat-bl","7":"product_tag-bl0036","9":"first","10":"instock","11":"shipping-taxable","12":"purchasable","13":"product-type-simple"},"_links":{"self":[{"href":"https:\/\/www.mallorcaliteraria.cat\/botiga\/wp-json\/wp\/v2\/product\/242","targetHints":{"allow":["GET"]}}],"collection":[{"href":"https:\/\/www.mallorcaliteraria.cat\/botiga\/wp-json\/wp\/v2\/product"}],"about":[{"href":"https:\/\/www.mallorcaliteraria.cat\/botiga\/wp-json\/wp\/v2\/types\/product"}],"replies":[{"embeddable":true,"href":"https:\/\/www.mallorcaliteraria.cat\/botiga\/wp-json\/wp\/v2\/comments?post=242"}],"wp:featuredmedia":[{"embeddable":true,"href":"https:\/\/www.mallorcaliteraria.cat\/botiga\/wp-json\/wp\/v2\/media\/243"}],"wp:attachment":[{"href":"https:\/\/www.mallorcaliteraria.cat\/botiga\/wp-json\/wp\/v2\/media?parent=242"}],"wp:term":[{"taxonomy":"product_brand","embeddable":true,"href":"https:\/\/www.mallorcaliteraria.cat\/botiga\/wp-json\/wp\/v2\/product_brand?post=242"},{"taxonomy":"product_cat","embeddable":true,"href":"https:\/\/www.mallorcaliteraria.cat\/botiga\/wp-json\/wp\/v2\/product_cat?post=242"},{"taxonomy":"product_tag","embeddable":true,"href":"https:\/\/www.mallorcaliteraria.cat\/botiga\/wp-json\/wp\/v2\/product_tag?post=242"}],"curies":[{"name":"wp","href":"https:\/\/api.w.org\/{rel}","templated":true}]}}