{"id":254,"date":"2021-05-18T12:26:52","date_gmt":"2021-05-18T10:26:52","guid":{"rendered":"https:\/\/www.mallorcaliteraria.cat\/botiga\/?post_type=product&#038;p=254"},"modified":"2025-05-21T12:52:12","modified_gmt":"2025-05-21T10:52:12","slug":"llibre-les-passions-ocultes-correspondencia-i-via","status":"publish","type":"product","link":"https:\/\/www.mallorcaliteraria.cat\/botiga\/producte\/llibre-les-passions-ocultes-correspondencia-i-via\/","title":{"rendered":"Llibre: &#8220;Les passions ocultes: correspond\u00e8ncia i vida&#8221;"},"content":{"rendered":"<p>Autor\/a: Lloren\u00e7 Villalonga, Baltasar Porcel<br \/>\nA cura de Rosa Cabr\u00e9.<br \/>\nEditorial: Edicions 62<br \/>\nAny d&#8217;edici\u00f3: 2011<\/p>\n<p>La import\u00e0ncia de Lloren\u00e7 Villalonga i Baltasar Porcel en la literatura contempor\u00e0nia est\u00e0 fora de tot dubte. Per l&#8217;extensi\u00f3 i la qualitat de la seva obra, ells dos s\u00f3n indiscutiblement els m\u00e9s grans narradors mallorquins del segle xx. La relaci\u00f3 estreta i fruct\u00edfera que van mantenir en el curs dels anys, i que va deixar una empremta fonda tant en l&#8217;un com en l&#8217;altre, va quedar reflectida en prop de cinc-cents documents epistolars, que abracen un per\u00edode de vint anys: des del 1957 fins al 1976. Despr\u00e9s de la mort de Villalonga, Porcel va obtenir de la seva v\u00eddua el perm\u00eds de publicar \u00edntegra aquesta correspond\u00e8ncia, i va confiar la tasca de transcriure-la i anotar-la a la professora Rosa Cabr\u00e9, que ha dedicat molt de temps i esfor\u00e7os a ferne l&#8217;edici\u00f3. El lector d&#8217;aquest volum podr\u00e0 comprovar que el resultat \u00e9s d&#8217;un inter\u00e8s excepcional. Perqu\u00e8 la correspond\u00e8ncia Villalonga-Porcel no d\u00f3na solament el testimoni, per ell mateix transcendental, de la relaci\u00f3 entre dos escriptors de primer\u00edssima fila, sin\u00f3 que constitueix, a m\u00e9s, una riqu\u00edssima font d&#8217;informaci\u00f3 sobre les obres de tots dos i, tamb\u00e9, sobre nombrosos fets de la vida liter\u00e0ria -mallorquina i barcelonina-d&#8217;una \u00e8poca decisiva en la literatura catalana recent.<\/p>\n<p>Tapa tova, 831 p\u00e0gines.<br \/>\nMides: 23 x 15 cms.<\/p>\n","protected":false},"excerpt":{"rendered":"<p>Autor\/a: Lloren\u00e7 Villalonga, Baltasar Porcel A cura de Rosa Cabr\u00e9. Editorial: Edicions 62 Any d&#8217;edici\u00f3: 2011 La import\u00e0ncia de Lloren\u00e7 Villalonga i Baltasar Porcel en la literatura contempor\u00e0nia est\u00e0 fora de tot dubte. Per l&#8217;extensi\u00f3 i la qualitat de la seva obra, ells dos s\u00f3n indiscutiblement els m\u00e9s grans narradors mallorquins del segle xx. La [&hellip;]<\/p>\n","protected":false},"featured_media":255,"comment_status":"open","ping_status":"closed","template":"","meta":[],"product_brand":[],"product_cat":[21],"product_tag":[75],"class_list":{"0":"post-254","1":"product","2":"type-product","3":"status-publish","4":"has-post-thumbnail","6":"product_cat-bl","7":"product_tag-bl0040","9":"first","10":"instock","11":"shipping-taxable","12":"purchasable","13":"product-type-simple"},"_links":{"self":[{"href":"https:\/\/www.mallorcaliteraria.cat\/botiga\/wp-json\/wp\/v2\/product\/254","targetHints":{"allow":["GET"]}}],"collection":[{"href":"https:\/\/www.mallorcaliteraria.cat\/botiga\/wp-json\/wp\/v2\/product"}],"about":[{"href":"https:\/\/www.mallorcaliteraria.cat\/botiga\/wp-json\/wp\/v2\/types\/product"}],"replies":[{"embeddable":true,"href":"https:\/\/www.mallorcaliteraria.cat\/botiga\/wp-json\/wp\/v2\/comments?post=254"}],"wp:featuredmedia":[{"embeddable":true,"href":"https:\/\/www.mallorcaliteraria.cat\/botiga\/wp-json\/wp\/v2\/media\/255"}],"wp:attachment":[{"href":"https:\/\/www.mallorcaliteraria.cat\/botiga\/wp-json\/wp\/v2\/media?parent=254"}],"wp:term":[{"taxonomy":"product_brand","embeddable":true,"href":"https:\/\/www.mallorcaliteraria.cat\/botiga\/wp-json\/wp\/v2\/product_brand?post=254"},{"taxonomy":"product_cat","embeddable":true,"href":"https:\/\/www.mallorcaliteraria.cat\/botiga\/wp-json\/wp\/v2\/product_cat?post=254"},{"taxonomy":"product_tag","embeddable":true,"href":"https:\/\/www.mallorcaliteraria.cat\/botiga\/wp-json\/wp\/v2\/product_tag?post=254"}],"curies":[{"name":"wp","href":"https:\/\/api.w.org\/{rel}","templated":true}]}}