{"id":258,"date":"2021-05-18T12:39:07","date_gmt":"2021-05-18T10:39:07","guid":{"rendered":"https:\/\/www.mallorcaliteraria.cat\/botiga\/?post_type=product&#038;p=258"},"modified":"2025-05-21T12:52:02","modified_gmt":"2025-05-21T10:52:02","slug":"llibre-les-ruines-de-palmira","status":"publish","type":"product","link":"https:\/\/www.mallorcaliteraria.cat\/botiga\/producte\/llibre-les-ruines-de-palmira\/","title":{"rendered":"Llibre: &#8220;Les ru\u00efnes de Palmira&#8221;"},"content":{"rendered":"<p>Autor\/a: Lloren\u00e7 Villalonga<br \/>\nEditorial: El Club Editor<br \/>\nCol\u00b7lecci\u00f3: El club dels novel\u00b7listes<br \/>\nAny d&#8217;edici\u00f3: 1985<\/p>\n<p>Lloren\u00e7 Villalonga ens duu amb Les Ru\u00efnes de Palmira des de la Barcelona d&#8217;abans de 1914 fins a la de 1990 i tants. Gr\u00e0cies a la descoberta de la panmorbosina la Uni\u00f3 europeo-americana pot rebaixar als seus ciutadans el 33% de l&#8217;edat que tindrien; la mir\u00edfica potinga, que ho cura tot, ha fracassat tanmateix amb la calv\u00edcie i per aix\u00f2 don Toni de Bearn, que passaria dels noranta si no fos per aquella rebaixa, va amb una perruca del segle XVIII. L&#8217;art lleuger i malici\u00f3s de Villalonga ens porta, com en un vol, per damunt i al llarg de tot el segle XX.<\/p>\n<p>Tapa dura, 178 p\u00e0gines.<br \/>\nMides: 19 x 13,5 cms.<\/p>\n","protected":false},"excerpt":{"rendered":"<p>Autor\/a: Lloren\u00e7 Villalonga Editorial: El Club Editor Col\u00b7lecci\u00f3: El club dels novel\u00b7listes Any d&#8217;edici\u00f3: 1985 Lloren\u00e7 Villalonga ens duu amb Les Ru\u00efnes de Palmira des de la Barcelona d&#8217;abans de 1914 fins a la de 1990 i tants. Gr\u00e0cies a la descoberta de la panmorbosina la Uni\u00f3 europeo-americana pot rebaixar als seus ciutadans el 33% [&hellip;]<\/p>\n","protected":false},"featured_media":259,"comment_status":"open","ping_status":"closed","template":"","meta":[],"product_brand":[],"product_cat":[21],"product_tag":[76],"class_list":{"0":"post-258","1":"product","2":"type-product","3":"status-publish","4":"has-post-thumbnail","6":"product_cat-bl","7":"product_tag-bl0041","9":"first","10":"instock","11":"shipping-taxable","12":"purchasable","13":"product-type-simple"},"_links":{"self":[{"href":"https:\/\/www.mallorcaliteraria.cat\/botiga\/wp-json\/wp\/v2\/product\/258","targetHints":{"allow":["GET"]}}],"collection":[{"href":"https:\/\/www.mallorcaliteraria.cat\/botiga\/wp-json\/wp\/v2\/product"}],"about":[{"href":"https:\/\/www.mallorcaliteraria.cat\/botiga\/wp-json\/wp\/v2\/types\/product"}],"replies":[{"embeddable":true,"href":"https:\/\/www.mallorcaliteraria.cat\/botiga\/wp-json\/wp\/v2\/comments?post=258"}],"wp:featuredmedia":[{"embeddable":true,"href":"https:\/\/www.mallorcaliteraria.cat\/botiga\/wp-json\/wp\/v2\/media\/259"}],"wp:attachment":[{"href":"https:\/\/www.mallorcaliteraria.cat\/botiga\/wp-json\/wp\/v2\/media?parent=258"}],"wp:term":[{"taxonomy":"product_brand","embeddable":true,"href":"https:\/\/www.mallorcaliteraria.cat\/botiga\/wp-json\/wp\/v2\/product_brand?post=258"},{"taxonomy":"product_cat","embeddable":true,"href":"https:\/\/www.mallorcaliteraria.cat\/botiga\/wp-json\/wp\/v2\/product_cat?post=258"},{"taxonomy":"product_tag","embeddable":true,"href":"https:\/\/www.mallorcaliteraria.cat\/botiga\/wp-json\/wp\/v2\/product_tag?post=258"}],"curies":[{"name":"wp","href":"https:\/\/api.w.org\/{rel}","templated":true}]}}