{"id":261,"date":"2021-05-18T12:46:21","date_gmt":"2021-05-18T10:46:21","guid":{"rendered":"https:\/\/www.mallorcaliteraria.cat\/botiga\/?post_type=product&#038;p=261"},"modified":"2025-05-21T12:51:51","modified_gmt":"2025-05-21T10:51:51","slug":"llibre-letern-i-enigmatic-no-esser","status":"publish","type":"product","link":"https:\/\/www.mallorcaliteraria.cat\/botiga\/producte\/llibre-letern-i-enigmatic-no-esser\/","title":{"rendered":"Llibre: &#8220;L&#8217;etern i enigm\u00e0tic no \u00e9sser&#8221;"},"content":{"rendered":"<p>Autor\/a:Tomeu Canyelles<br \/>\nEditorial: FML i Publicacions de l&#8217;Abadia de Montserrat.<br \/>\nCol\u00b7lecci\u00f3: Col\u00b7lecci\u00f3 Casa Museu Lloren\u00e7 Villalonga<br \/>\nAny d&#8217;edici\u00f3: 2019<\/p>\n<p>Esc\u00e8ptic, relativista i visceral; c\u00ednic, ambivalent i profundament contradictori. Aquests s\u00f3n alguns dels mots que han servit per definir la personalitat d&#8217;una de les figures m\u00e9s destacades -i controvertides- de la literatura catalana del segle XX. Acostumat a llegir amb un llapis a la m\u00e0, Villalonga va omplir els marges i interlineats dels llibres amb anotacions i comentaris marginals. Pensant que ning\u00fa m\u00e9s els llegiria, s&#8217;hi expressa de forma natural i espont\u00e0nia fins a reflectir les seves f\u00edlies i f\u00f2bies, per\u00f2 tamb\u00e9 la seva forma d&#8217;entendre la hist\u00f2ria, la pol\u00edtica, les relacions humanes o, fins i tot, la vida quotidiana. Fruit del treball realitzat gr\u00e0cies a una de les beques de fons documental de la Fundaci\u00f3 Mallorca Liter\u00e0ria (Consell de Mallorca), aquest volum esdev\u00e9 una interpretaci\u00f3 cr\u00edtica d&#8217;aquelles notes al marge que ens permet aprofundir en l&#8217;ideari de Villalonga. Un trencaclosques de petites peces carregades de sarcasme, espontane\u00eftat i humor que aporta una dimensi\u00f3 complement\u00e0ria per a l&#8217;estudi tant de l&#8217;obra com de l&#8217;autor de Mort de Dama.<\/p>\n<p>Tapa tova, 140 p\u00e0gines.<br \/>\nMides: 19 x 13 cms. <\/p>\n","protected":false},"excerpt":{"rendered":"<p>Autor\/a:Tomeu Canyelles Editorial: FML i Publicacions de l&#8217;Abadia de Montserrat. Col\u00b7lecci\u00f3: Col\u00b7lecci\u00f3 Casa Museu Lloren\u00e7 Villalonga Any d&#8217;edici\u00f3: 2019 Esc\u00e8ptic, relativista i visceral; c\u00ednic, ambivalent i profundament contradictori. Aquests s\u00f3n alguns dels mots que han servit per definir la personalitat d&#8217;una de les figures m\u00e9s destacades -i controvertides- de la literatura catalana del segle XX. [&hellip;]<\/p>\n","protected":false},"featured_media":262,"comment_status":"open","ping_status":"closed","template":"","meta":[],"product_brand":[],"product_cat":[21],"product_tag":[77],"class_list":{"0":"post-261","1":"product","2":"type-product","3":"status-publish","4":"has-post-thumbnail","6":"product_cat-bl","7":"product_tag-bl0042","9":"first","10":"instock","11":"shipping-taxable","12":"purchasable","13":"product-type-simple"},"_links":{"self":[{"href":"https:\/\/www.mallorcaliteraria.cat\/botiga\/wp-json\/wp\/v2\/product\/261","targetHints":{"allow":["GET"]}}],"collection":[{"href":"https:\/\/www.mallorcaliteraria.cat\/botiga\/wp-json\/wp\/v2\/product"}],"about":[{"href":"https:\/\/www.mallorcaliteraria.cat\/botiga\/wp-json\/wp\/v2\/types\/product"}],"replies":[{"embeddable":true,"href":"https:\/\/www.mallorcaliteraria.cat\/botiga\/wp-json\/wp\/v2\/comments?post=261"}],"wp:featuredmedia":[{"embeddable":true,"href":"https:\/\/www.mallorcaliteraria.cat\/botiga\/wp-json\/wp\/v2\/media\/262"}],"wp:attachment":[{"href":"https:\/\/www.mallorcaliteraria.cat\/botiga\/wp-json\/wp\/v2\/media?parent=261"}],"wp:term":[{"taxonomy":"product_brand","embeddable":true,"href":"https:\/\/www.mallorcaliteraria.cat\/botiga\/wp-json\/wp\/v2\/product_brand?post=261"},{"taxonomy":"product_cat","embeddable":true,"href":"https:\/\/www.mallorcaliteraria.cat\/botiga\/wp-json\/wp\/v2\/product_cat?post=261"},{"taxonomy":"product_tag","embeddable":true,"href":"https:\/\/www.mallorcaliteraria.cat\/botiga\/wp-json\/wp\/v2\/product_tag?post=261"}],"curies":[{"name":"wp","href":"https:\/\/api.w.org\/{rel}","templated":true}]}}