{"id":265,"date":"2021-05-18T12:50:37","date_gmt":"2021-05-18T10:50:37","guid":{"rendered":"https:\/\/www.mallorcaliteraria.cat\/botiga\/?post_type=product&#038;p=265"},"modified":"2025-05-21T12:51:41","modified_gmt":"2025-05-21T10:51:41","slug":"llibre-lhereva-de-dona-obdulia","status":"publish","type":"product","link":"https:\/\/www.mallorcaliteraria.cat\/botiga\/producte\/llibre-lhereva-de-dona-obdulia\/","title":{"rendered":"Llibre: &#8220;L&#8217;hereva de dona Obd\u00falia&#8221;"},"content":{"rendered":"<p>Autor\/a: Lloren\u00e7 Villalonga<br \/>\nEditorial: El Club Editor<br \/>\nCol\u00b7lecci\u00f3: Club dels novel\u00b7listes<br \/>\nAny d&#8217;edici\u00f3: 1988<\/p>\n<p>L\u2019esc\u00e0ndol de\u00a0Mort de Dama\u00a0i el prestigi de\u00a0Bearn\u00a0han ocultat el que t\u00e9 d\u2019excepcional l\u2019obra de Lloren\u00e7 Villalonga en el seu conjunt, com a univers literari en qu\u00e8 cada pe\u00e7a altera i enriqueix els grans temes. A\u00a0L\u2019hereva de dona Obd\u00falia, la melodia principal ens ve insinuada per la lletra menuda: les\u00a0temptacions\u00a0que amenacen la maduresa de dues dones oposades en tot menys en l\u2019esponer\u00f3s erotisme. Villalonga les confronta cada una al seu Don Juan particular i observa els efectes produ\u00efts sobre les v\u00edctimes. Una com\u00e8dia? No, un drama ir\u00f2nic, en el m\u00e9s pur estil villalongui\u00e0.<\/p>\n<p>Tapa dura, 225 p\u00e0gines.<br \/>\nMides: 19 x 13,5 cms. <\/p>\n","protected":false},"excerpt":{"rendered":"<p>Autor\/a: Lloren\u00e7 Villalonga Editorial: El Club Editor Col\u00b7lecci\u00f3: Club dels novel\u00b7listes Any d&#8217;edici\u00f3: 1988 L\u2019esc\u00e0ndol de\u00a0Mort de Dama\u00a0i el prestigi de\u00a0Bearn\u00a0han ocultat el que t\u00e9 d\u2019excepcional l\u2019obra de Lloren\u00e7 Villalonga en el seu conjunt, com a univers literari en qu\u00e8 cada pe\u00e7a altera i enriqueix els grans temes. A\u00a0L\u2019hereva de dona Obd\u00falia, la melodia principal [&hellip;]<\/p>\n","protected":false},"featured_media":266,"comment_status":"open","ping_status":"closed","template":"","meta":[],"product_brand":[],"product_cat":[21],"product_tag":[78],"class_list":{"0":"post-265","1":"product","2":"type-product","3":"status-publish","4":"has-post-thumbnail","6":"product_cat-bl","7":"product_tag-bl0043","9":"first","10":"instock","11":"shipping-taxable","12":"purchasable","13":"product-type-simple"},"_links":{"self":[{"href":"https:\/\/www.mallorcaliteraria.cat\/botiga\/wp-json\/wp\/v2\/product\/265","targetHints":{"allow":["GET"]}}],"collection":[{"href":"https:\/\/www.mallorcaliteraria.cat\/botiga\/wp-json\/wp\/v2\/product"}],"about":[{"href":"https:\/\/www.mallorcaliteraria.cat\/botiga\/wp-json\/wp\/v2\/types\/product"}],"replies":[{"embeddable":true,"href":"https:\/\/www.mallorcaliteraria.cat\/botiga\/wp-json\/wp\/v2\/comments?post=265"}],"wp:featuredmedia":[{"embeddable":true,"href":"https:\/\/www.mallorcaliteraria.cat\/botiga\/wp-json\/wp\/v2\/media\/266"}],"wp:attachment":[{"href":"https:\/\/www.mallorcaliteraria.cat\/botiga\/wp-json\/wp\/v2\/media?parent=265"}],"wp:term":[{"taxonomy":"product_brand","embeddable":true,"href":"https:\/\/www.mallorcaliteraria.cat\/botiga\/wp-json\/wp\/v2\/product_brand?post=265"},{"taxonomy":"product_cat","embeddable":true,"href":"https:\/\/www.mallorcaliteraria.cat\/botiga\/wp-json\/wp\/v2\/product_cat?post=265"},{"taxonomy":"product_tag","embeddable":true,"href":"https:\/\/www.mallorcaliteraria.cat\/botiga\/wp-json\/wp\/v2\/product_tag?post=265"}],"curies":[{"name":"wp","href":"https:\/\/api.w.org\/{rel}","templated":true}]}}