{"id":269,"date":"2021-05-18T12:54:31","date_gmt":"2021-05-18T10:54:31","guid":{"rendered":"https:\/\/www.mallorcaliteraria.cat\/botiga\/?post_type=product&#038;p=269"},"modified":"2025-10-14T14:46:02","modified_gmt":"2025-10-14T12:46:02","slug":"llibre-literatura-territori-i-identitat-la-gestio-del-patrimoni-literari-a-debat","status":"publish","type":"product","link":"https:\/\/www.mallorcaliteraria.cat\/botiga\/producte\/llibre-literatura-territori-i-identitat-la-gestio-del-patrimoni-literari-a-debat\/","title":{"rendered":"Llibre: &#8220;Literatura, Territori i Identitat. La gesti\u00f3 del Patrimoni Literari, a debat&#8221;"},"content":{"rendered":"<p>Diversos Autors<br \/>\nEditorial: Curbet Edicions<br \/>\nCol\u00b7lecci\u00f3: Espais Escrits. Xarxa del Patrimoni Literari Catal\u00e0<br \/>\nAny d&#8217;edici\u00f3: 2011<\/p>\n<p>Resultat de varis seminaris sobre conceptes de literatura, territori, mem\u00f2ria, patrimoni, qualitat i comunicaci\u00f3 a la literatura i cultura catalana. \u00ab La lectura dels textos que presentem en aquest llibre, (&#8230;) permeten resseguir les aportacions dels sis Seminaris que hem esbossat, interrelacionant els conceptes literatura, territori, mem\u00f2ria, patrimoni, qualitat i comunicaci\u00f3. Temes de debat i reflexi\u00f3 que configuren un corpus te\u00f2ric important que ens permet defensar, comparar i compartir la nostra experi\u00e8ncia com a xarxa de patrimoni literari amb d\u2019altres iniciatives semblants que existeixen a Europa\u00bb.<\/p>\n<p>Tapa tova, 404 p\u00e0gines.<br \/>\nMides: 24 x 17 cms.<\/p>\n","protected":false},"excerpt":{"rendered":"<p>Diversos Autors Editorial: Curbet Edicions Col\u00b7lecci\u00f3: Espais Escrits. Xarxa del Patrimoni Literari Catal\u00e0 Any d&#8217;edici\u00f3: 2011 Resultat de varis seminaris sobre conceptes de literatura, territori, mem\u00f2ria, patrimoni, qualitat i comunicaci\u00f3 a la literatura i cultura catalana. \u00ab La lectura dels textos que presentem en aquest llibre, (&#8230;) permeten resseguir les aportacions dels sis Seminaris que [&hellip;]<\/p>\n","protected":false},"featured_media":696,"comment_status":"open","ping_status":"closed","template":"","meta":[],"product_brand":[],"product_cat":[21],"product_tag":[79],"class_list":{"0":"post-269","1":"product","2":"type-product","3":"status-publish","4":"has-post-thumbnail","6":"product_cat-bl","7":"product_tag-bl0044","9":"first","10":"instock","11":"shipping-taxable","12":"purchasable","13":"product-type-simple"},"_links":{"self":[{"href":"https:\/\/www.mallorcaliteraria.cat\/botiga\/wp-json\/wp\/v2\/product\/269","targetHints":{"allow":["GET"]}}],"collection":[{"href":"https:\/\/www.mallorcaliteraria.cat\/botiga\/wp-json\/wp\/v2\/product"}],"about":[{"href":"https:\/\/www.mallorcaliteraria.cat\/botiga\/wp-json\/wp\/v2\/types\/product"}],"replies":[{"embeddable":true,"href":"https:\/\/www.mallorcaliteraria.cat\/botiga\/wp-json\/wp\/v2\/comments?post=269"}],"wp:featuredmedia":[{"embeddable":true,"href":"https:\/\/www.mallorcaliteraria.cat\/botiga\/wp-json\/wp\/v2\/media\/696"}],"wp:attachment":[{"href":"https:\/\/www.mallorcaliteraria.cat\/botiga\/wp-json\/wp\/v2\/media?parent=269"}],"wp:term":[{"taxonomy":"product_brand","embeddable":true,"href":"https:\/\/www.mallorcaliteraria.cat\/botiga\/wp-json\/wp\/v2\/product_brand?post=269"},{"taxonomy":"product_cat","embeddable":true,"href":"https:\/\/www.mallorcaliteraria.cat\/botiga\/wp-json\/wp\/v2\/product_cat?post=269"},{"taxonomy":"product_tag","embeddable":true,"href":"https:\/\/www.mallorcaliteraria.cat\/botiga\/wp-json\/wp\/v2\/product_tag?post=269"}],"curies":[{"name":"wp","href":"https:\/\/api.w.org\/{rel}","templated":true}]}}