{"id":270,"date":"2021-05-18T13:05:41","date_gmt":"2021-05-18T11:05:41","guid":{"rendered":"https:\/\/www.mallorcaliteraria.cat\/botiga\/?post_type=product&#038;p=270"},"modified":"2025-05-21T12:50:11","modified_gmt":"2025-05-21T10:50:11","slug":"llibre-llorenc-villalonga-o-la-imaginacio-raonable","status":"publish","type":"product","link":"https:\/\/www.mallorcaliteraria.cat\/botiga\/producte\/llibre-llorenc-villalonga-o-la-imaginacio-raonable\/","title":{"rendered":"Llibre: &#8220;Lloren\u00e7 Villalonga (o la imaginaci\u00f3 raonable)&#8221;"},"content":{"rendered":"<p>Jaume Vidal Alcover<br \/>\nEditorial: Ajuntament de Palma<br \/>\nCol\u00b7lecci\u00f3: Biografies de mallorquins<br \/>\nAny d&#8217;edici\u00f3: 1984<\/p>\n<p>&#8220;Jo crec, diu l&#8217;autor, que en Lloren\u00e7 Villalonga ha estat, i \u00e9s encara ara, un autor mal ent\u00e9s; i ho \u00e9s perqu\u00e8 ell invitava a jugar un joc que li permetia fer-se esc\u00e0pol a una coneixen\u00e7a d&#8217;ell que temia abusiva. Com que la seva obra va, perqu\u00e8 aix\u00ed ho va planejar ell, molt lligada a la imatge que de si mateix ell donava, la meva feina \u00e9s, en bona i principal part, aclarir els signes i els l\u00edmits d&#8217;aquesta relaci\u00f3, molt atractiva, d&#8217;altra part, i altament expressiva de la mentalitat villalonguiana, capa\u00e7 de copsar d&#8217;una ullada un segment \u00fatil de la realitat, per\u00f2 negat en absolut a considerar el major segment que quedava excl\u00f3s de la seva tria. Nom\u00e9s aix\u00ed ens podrem acostar a l&#8217;obra d&#8217;un dels narradors m\u00e9s interessants del nostre temps amb la possibilitat d&#8217;entendre el que ens ha volgut dir; i el que diu, per\u00f2 ens vol amagar&#8221;. <\/p>\n<p>Tapa tova, 106 p\u00e0gines.<br \/>\nMides: 20 x 15 cms. <\/p>\n","protected":false},"excerpt":{"rendered":"<p>Jaume Vidal Alcover Editorial: Ajuntament de Palma Col\u00b7lecci\u00f3: Biografies de mallorquins Any d&#8217;edici\u00f3: 1984 &#8220;Jo crec, diu l&#8217;autor, que en Lloren\u00e7 Villalonga ha estat, i \u00e9s encara ara, un autor mal ent\u00e9s; i ho \u00e9s perqu\u00e8 ell invitava a jugar un joc que li permetia fer-se esc\u00e0pol a una coneixen\u00e7a d&#8217;ell que temia abusiva. Com [&hellip;]<\/p>\n","protected":false},"featured_media":271,"comment_status":"open","ping_status":"closed","template":"","meta":[],"product_brand":[],"product_cat":[21],"product_tag":[80],"class_list":{"0":"post-270","1":"product","2":"type-product","3":"status-publish","4":"has-post-thumbnail","6":"product_cat-bl","7":"product_tag-bl0045","9":"first","10":"instock","11":"shipping-taxable","12":"purchasable","13":"product-type-simple"},"_links":{"self":[{"href":"https:\/\/www.mallorcaliteraria.cat\/botiga\/wp-json\/wp\/v2\/product\/270","targetHints":{"allow":["GET"]}}],"collection":[{"href":"https:\/\/www.mallorcaliteraria.cat\/botiga\/wp-json\/wp\/v2\/product"}],"about":[{"href":"https:\/\/www.mallorcaliteraria.cat\/botiga\/wp-json\/wp\/v2\/types\/product"}],"replies":[{"embeddable":true,"href":"https:\/\/www.mallorcaliteraria.cat\/botiga\/wp-json\/wp\/v2\/comments?post=270"}],"wp:featuredmedia":[{"embeddable":true,"href":"https:\/\/www.mallorcaliteraria.cat\/botiga\/wp-json\/wp\/v2\/media\/271"}],"wp:attachment":[{"href":"https:\/\/www.mallorcaliteraria.cat\/botiga\/wp-json\/wp\/v2\/media?parent=270"}],"wp:term":[{"taxonomy":"product_brand","embeddable":true,"href":"https:\/\/www.mallorcaliteraria.cat\/botiga\/wp-json\/wp\/v2\/product_brand?post=270"},{"taxonomy":"product_cat","embeddable":true,"href":"https:\/\/www.mallorcaliteraria.cat\/botiga\/wp-json\/wp\/v2\/product_cat?post=270"},{"taxonomy":"product_tag","embeddable":true,"href":"https:\/\/www.mallorcaliteraria.cat\/botiga\/wp-json\/wp\/v2\/product_tag?post=270"}],"curies":[{"name":"wp","href":"https:\/\/api.w.org\/{rel}","templated":true}]}}