{"id":274,"date":"2021-05-18T13:16:59","date_gmt":"2021-05-18T11:16:59","guid":{"rendered":"https:\/\/www.mallorcaliteraria.cat\/botiga\/?post_type=product&#038;p=274"},"modified":"2025-05-21T12:49:39","modified_gmt":"2025-05-21T10:49:39","slug":"llibre-llorenc-villalonga-i-el-seu-mon","status":"publish","type":"product","link":"https:\/\/www.mallorcaliteraria.cat\/botiga\/producte\/llibre-llorenc-villalonga-i-el-seu-mon\/","title":{"rendered":"Llibre: &#8220;Lloren\u00e7 Villalonga i el seu m\u00f3n&#8221;"},"content":{"rendered":"<p>Jaume Pomar<br \/>\nAmb pr\u00f2leg de Dami\u00e0 Pons.<br \/>\nEditorial: Di7<br \/>\nAny d&#8217;edici\u00f3: 1998<\/p>\n<p>El llibre de Jaume Pomar que teniu entre les mans \u2014nascut de la voluntat d&#8217;aprofitar el centenari de l&#8217;escriptor per incrementar el coneixement col\u00b7lectiu sobre Villalonga i el seu m\u00f3n\u2014, \u00e9s un magn\u00edfic instrument per introduir-nos en la seva personalitat i obra. Pomar \u00e9s un estudi\u00f3s de l&#8217;autor de Mort de dama, i ja s\u00f3n un bon grapat els t\u00edtols que ha publicat centrats en l&#8217;escriptor. El va con\u00e8ixer i el va tractar personalment, n&#8217;ha fet la biografia, ha publicat part del seu epistolari i dels seus articles, n&#8217;ha donat a con\u00e8ixer estudis monogr\u00e0fics&#8230; Per tot aix\u00f2, Jaume Pomar era la persona id\u00f2nia per encabir en un volum la globalitat del m\u00f3n de Lloren\u00e7 Villalonga, la persona i l&#8217;escriptor. A m\u00e9s, la magn\u00edfica edici\u00f3 que n&#8217;ha fet Di7, amb una gran abund\u00e0ncia de fotografies reprodu\u00efdes, far\u00e0 m\u00e9s c\u00f2mode i gratificant rec\u00f3rrer les p\u00e0gines del llibre. Tots hi s\u00f3n convidats.<\/p>\n<p>Tapa dura, 167 p\u00e0gines.<br \/>\nMides: 21 x 23 cms.<\/p>\n","protected":false},"excerpt":{"rendered":"<p>Jaume Pomar Amb pr\u00f2leg de Dami\u00e0 Pons. Editorial: Di7 Any d&#8217;edici\u00f3: 1998 El llibre de Jaume Pomar que teniu entre les mans \u2014nascut de la voluntat d&#8217;aprofitar el centenari de l&#8217;escriptor per incrementar el coneixement col\u00b7lectiu sobre Villalonga i el seu m\u00f3n\u2014, \u00e9s un magn\u00edfic instrument per introduir-nos en la seva personalitat i obra. Pomar [&hellip;]<\/p>\n","protected":false},"featured_media":275,"comment_status":"open","ping_status":"closed","template":"","meta":[],"product_brand":[],"product_cat":[21],"product_tag":[81],"class_list":{"0":"post-274","1":"product","2":"type-product","3":"status-publish","4":"has-post-thumbnail","6":"product_cat-bl","7":"product_tag-bl0046","9":"first","10":"instock","11":"shipping-taxable","12":"purchasable","13":"product-type-simple"},"_links":{"self":[{"href":"https:\/\/www.mallorcaliteraria.cat\/botiga\/wp-json\/wp\/v2\/product\/274","targetHints":{"allow":["GET"]}}],"collection":[{"href":"https:\/\/www.mallorcaliteraria.cat\/botiga\/wp-json\/wp\/v2\/product"}],"about":[{"href":"https:\/\/www.mallorcaliteraria.cat\/botiga\/wp-json\/wp\/v2\/types\/product"}],"replies":[{"embeddable":true,"href":"https:\/\/www.mallorcaliteraria.cat\/botiga\/wp-json\/wp\/v2\/comments?post=274"}],"wp:featuredmedia":[{"embeddable":true,"href":"https:\/\/www.mallorcaliteraria.cat\/botiga\/wp-json\/wp\/v2\/media\/275"}],"wp:attachment":[{"href":"https:\/\/www.mallorcaliteraria.cat\/botiga\/wp-json\/wp\/v2\/media?parent=274"}],"wp:term":[{"taxonomy":"product_brand","embeddable":true,"href":"https:\/\/www.mallorcaliteraria.cat\/botiga\/wp-json\/wp\/v2\/product_brand?post=274"},{"taxonomy":"product_cat","embeddable":true,"href":"https:\/\/www.mallorcaliteraria.cat\/botiga\/wp-json\/wp\/v2\/product_cat?post=274"},{"taxonomy":"product_tag","embeddable":true,"href":"https:\/\/www.mallorcaliteraria.cat\/botiga\/wp-json\/wp\/v2\/product_tag?post=274"}],"curies":[{"name":"wp","href":"https:\/\/api.w.org\/{rel}","templated":true}]}}