{"id":278,"date":"2021-05-18T13:20:28","date_gmt":"2021-05-18T11:20:28","guid":{"rendered":"https:\/\/www.mallorcaliteraria.cat\/botiga\/?post_type=product&#038;p=278"},"modified":"2025-05-21T12:49:50","modified_gmt":"2025-05-21T10:49:50","slug":"llibre-llorenc-villalonga-i-les-belles-arts","status":"publish","type":"product","link":"https:\/\/www.mallorcaliteraria.cat\/botiga\/producte\/llibre-llorenc-villalonga-i-les-belles-arts\/","title":{"rendered":"Llibre: &#8220;Lloren\u00e7 Villalonga i les belles arts&#8221;"},"content":{"rendered":"<p>Autor\/a: Manuela Alcover.<br \/>\nEditorial: Documenta Balear<br \/>\nCol\u00b7lecci\u00f3: Menjavents, 16<br \/>\nAny d&#8217;edici\u00f3: 1996<\/p>\n<p>Il.lustrat amb l\u00e0mines fotogr\u00e0fiques. &#8220;Exposici\u00f3 clara, rigorosa i amena de les idees i opinions de l autor de &#8221;Mort de dama&#8221; i &#8221;Bearn&#8221; sobre l art. Aquesta exposici\u00f3 ens permet de con\u00e8ixer els fonaments del pensament villalongui\u00e0: els conceptes de cultura i civilitzaci\u00f3 i el sentiment del bell com a base en qu\u00e8 sost\u00e9 els seus judicis art\u00edstics&#8221;.<\/p>\n<p>Tapa tova, 242 p\u00e0gines.<br \/>\nMides: 21 x 14,5 cms. <\/p>\n","protected":false},"excerpt":{"rendered":"<p>Autor\/a: Manuela Alcover. Editorial: Documenta Balear Col\u00b7lecci\u00f3: Menjavents, 16 Any d&#8217;edici\u00f3: 1996 Il.lustrat amb l\u00e0mines fotogr\u00e0fiques. &#8220;Exposici\u00f3 clara, rigorosa i amena de les idees i opinions de l autor de &#8221;Mort de dama&#8221; i &#8221;Bearn&#8221; sobre l art. Aquesta exposici\u00f3 ens permet de con\u00e8ixer els fonaments del pensament villalongui\u00e0: els conceptes de cultura i civilitzaci\u00f3 [&hellip;]<\/p>\n","protected":false},"featured_media":279,"comment_status":"open","ping_status":"closed","template":"","meta":[],"product_brand":[],"product_cat":[21],"product_tag":[82],"class_list":{"0":"post-278","1":"product","2":"type-product","3":"status-publish","4":"has-post-thumbnail","6":"product_cat-bl","7":"product_tag-bl0047","9":"first","10":"instock","11":"shipping-taxable","12":"purchasable","13":"product-type-simple"},"_links":{"self":[{"href":"https:\/\/www.mallorcaliteraria.cat\/botiga\/wp-json\/wp\/v2\/product\/278","targetHints":{"allow":["GET"]}}],"collection":[{"href":"https:\/\/www.mallorcaliteraria.cat\/botiga\/wp-json\/wp\/v2\/product"}],"about":[{"href":"https:\/\/www.mallorcaliteraria.cat\/botiga\/wp-json\/wp\/v2\/types\/product"}],"replies":[{"embeddable":true,"href":"https:\/\/www.mallorcaliteraria.cat\/botiga\/wp-json\/wp\/v2\/comments?post=278"}],"wp:featuredmedia":[{"embeddable":true,"href":"https:\/\/www.mallorcaliteraria.cat\/botiga\/wp-json\/wp\/v2\/media\/279"}],"wp:attachment":[{"href":"https:\/\/www.mallorcaliteraria.cat\/botiga\/wp-json\/wp\/v2\/media?parent=278"}],"wp:term":[{"taxonomy":"product_brand","embeddable":true,"href":"https:\/\/www.mallorcaliteraria.cat\/botiga\/wp-json\/wp\/v2\/product_brand?post=278"},{"taxonomy":"product_cat","embeddable":true,"href":"https:\/\/www.mallorcaliteraria.cat\/botiga\/wp-json\/wp\/v2\/product_cat?post=278"},{"taxonomy":"product_tag","embeddable":true,"href":"https:\/\/www.mallorcaliteraria.cat\/botiga\/wp-json\/wp\/v2\/product_tag?post=278"}],"curies":[{"name":"wp","href":"https:\/\/api.w.org\/{rel}","templated":true}]}}