{"id":282,"date":"2021-05-18T13:26:56","date_gmt":"2021-05-18T11:26:56","guid":{"rendered":"https:\/\/www.mallorcaliteraria.cat\/botiga\/?post_type=product&#038;p=282"},"modified":"2025-05-21T12:49:29","modified_gmt":"2025-05-21T10:49:29","slug":"llibre-lluneta-del-pages","status":"publish","type":"product","link":"https:\/\/www.mallorcaliteraria.cat\/botiga\/producte\/llibre-lluneta-del-pages\/","title":{"rendered":"Llibre: &#8220;Lluneta del pag\u00e8s&#8221;"},"content":{"rendered":"<p>Autor\/a: Maria Ant\u00f2nia Salv\u00e0<br \/>\nEditorial: Moll, Palma.<br \/>\nCol\u00b7lecci\u00f3: Obres de MASalv\u00e0, 5.<br \/>\nAny d&#8217;edici\u00f3: 1981<\/p>\n<p>Poemari de Maria Ant\u00f2nia Salv\u00e0. Ella \u00e9s la primera poeta moderna en catal\u00e0. Formada en l&#8217;ambient culte de la Renaixen\u00e7a mallorquina, es va donar con\u00e8ixer a la darrera d\u00e8cada del segle XIX. Dona culta amb una veu po\u00e8tica clara i elegant que Josep Carner admirava.<\/p>\n<p>Tapa tova, 174 p\u00e0gines.<br \/>\nMides: 16,5 x 12 cms.   <\/p>\n","protected":false},"excerpt":{"rendered":"<p>Autor\/a: Maria Ant\u00f2nia Salv\u00e0 Editorial: Moll, Palma. Col\u00b7lecci\u00f3: Obres de MASalv\u00e0, 5. Any d&#8217;edici\u00f3: 1981 Poemari de Maria Ant\u00f2nia Salv\u00e0. Ella \u00e9s la primera poeta moderna en catal\u00e0. Formada en l&#8217;ambient culte de la Renaixen\u00e7a mallorquina, es va donar con\u00e8ixer a la darrera d\u00e8cada del segle XIX. Dona culta amb una veu po\u00e8tica clara i [&hellip;]<\/p>\n","protected":false},"featured_media":283,"comment_status":"open","ping_status":"closed","template":"","meta":[],"product_brand":[],"product_cat":[21],"product_tag":[83],"class_list":{"0":"post-282","1":"product","2":"type-product","3":"status-publish","4":"has-post-thumbnail","6":"product_cat-bl","7":"product_tag-bl0049","9":"first","10":"instock","11":"shipping-taxable","12":"purchasable","13":"product-type-simple"},"_links":{"self":[{"href":"https:\/\/www.mallorcaliteraria.cat\/botiga\/wp-json\/wp\/v2\/product\/282","targetHints":{"allow":["GET"]}}],"collection":[{"href":"https:\/\/www.mallorcaliteraria.cat\/botiga\/wp-json\/wp\/v2\/product"}],"about":[{"href":"https:\/\/www.mallorcaliteraria.cat\/botiga\/wp-json\/wp\/v2\/types\/product"}],"replies":[{"embeddable":true,"href":"https:\/\/www.mallorcaliteraria.cat\/botiga\/wp-json\/wp\/v2\/comments?post=282"}],"wp:featuredmedia":[{"embeddable":true,"href":"https:\/\/www.mallorcaliteraria.cat\/botiga\/wp-json\/wp\/v2\/media\/283"}],"wp:attachment":[{"href":"https:\/\/www.mallorcaliteraria.cat\/botiga\/wp-json\/wp\/v2\/media?parent=282"}],"wp:term":[{"taxonomy":"product_brand","embeddable":true,"href":"https:\/\/www.mallorcaliteraria.cat\/botiga\/wp-json\/wp\/v2\/product_brand?post=282"},{"taxonomy":"product_cat","embeddable":true,"href":"https:\/\/www.mallorcaliteraria.cat\/botiga\/wp-json\/wp\/v2\/product_cat?post=282"},{"taxonomy":"product_tag","embeddable":true,"href":"https:\/\/www.mallorcaliteraria.cat\/botiga\/wp-json\/wp\/v2\/product_tag?post=282"}],"curies":[{"name":"wp","href":"https:\/\/api.w.org\/{rel}","templated":true}]}}