{"id":296,"date":"2021-05-18T13:43:13","date_gmt":"2021-05-18T11:43:13","guid":{"rendered":"https:\/\/www.mallorcaliteraria.cat\/botiga\/?post_type=product&#038;p=296"},"modified":"2025-05-21T12:48:36","modified_gmt":"2025-05-21T10:48:36","slug":"llibre-mireia","status":"publish","type":"product","link":"https:\/\/www.mallorcaliteraria.cat\/botiga\/producte\/llibre-mireia\/","title":{"rendered":"Llibre: &#8220;Mireia&#8221;"},"content":{"rendered":"<p>Autor\/a: Frederic Mistral<br \/>\nTraducci\u00f3 de Maria Ant\u00f2nia Salv\u00e0<br \/>\nEditorial: Moll, Palma.<br \/>\nCol\u00b7lecci\u00f3: Obres de MASalv\u00e0, 2.<br \/>\nAny d&#8217;edici\u00f3: 1981<\/p>\n<p>Amb el poema \u00e8pic Mireia, el m\u00e9s c\u00e8lebre de Frederic Mistral (Premi Nobel de Literatura 1904), s\u2019aconsegueix una veritable fita en el renaixement de les lletres occitanes. L\u2019obra, que en dotze cants narra la hist\u00f2ria d\u2019amor de Mireia amb un pobre cistellaire, retrata el paisatge de Proven\u00e7a amb tota la seva llum i reflecteix l\u2019aut\u00e8ntica bellesa de la vida i les feines del camp amb majestuosa simplicitat. L\u2019\u00e8xit popular de Mireia fou immediat. La poeta Maria-Ant\u00f2nia Salv\u00e0 (Palma de Mallorca, 1869 \u2013 Llucmajor, 1958), encoratjada per Carner i pel propi Mistral, va traduir l\u2019obra l\u2019any 1917 i, en paraules de Josep M. de Sagarra, va aconseguir \u00abuna de les m\u00e9s belles gestes de la nostra poesia. Mireia sortia de les mans de Maria-Ant\u00f2nia Salv\u00e0 tan pura i tan salvatge com el poema proven\u00e7al.\u00bb<\/p>\n<p>Tapa tova, 291p\u00e0gines.<br \/>\nMides: 16,5 x 12 cms.<\/p>\n","protected":false},"excerpt":{"rendered":"<p>Autor\/a: Frederic Mistral Traducci\u00f3 de Maria Ant\u00f2nia Salv\u00e0 Editorial: Moll, Palma. Col\u00b7lecci\u00f3: Obres de MASalv\u00e0, 2. Any d&#8217;edici\u00f3: 1981 Amb el poema \u00e8pic Mireia, el m\u00e9s c\u00e8lebre de Frederic Mistral (Premi Nobel de Literatura 1904), s\u2019aconsegueix una veritable fita en el renaixement de les lletres occitanes. L\u2019obra, que en dotze cants narra la hist\u00f2ria d\u2019amor [&hellip;]<\/p>\n","protected":false},"featured_media":297,"comment_status":"open","ping_status":"closed","template":"","meta":[],"product_brand":[],"product_cat":[21],"product_tag":[87],"class_list":{"0":"post-296","1":"product","2":"type-product","3":"status-publish","4":"has-post-thumbnail","6":"product_cat-bl","7":"product_tag-bl0053","9":"first","10":"instock","11":"shipping-taxable","12":"purchasable","13":"product-type-simple"},"_links":{"self":[{"href":"https:\/\/www.mallorcaliteraria.cat\/botiga\/wp-json\/wp\/v2\/product\/296","targetHints":{"allow":["GET"]}}],"collection":[{"href":"https:\/\/www.mallorcaliteraria.cat\/botiga\/wp-json\/wp\/v2\/product"}],"about":[{"href":"https:\/\/www.mallorcaliteraria.cat\/botiga\/wp-json\/wp\/v2\/types\/product"}],"replies":[{"embeddable":true,"href":"https:\/\/www.mallorcaliteraria.cat\/botiga\/wp-json\/wp\/v2\/comments?post=296"}],"wp:featuredmedia":[{"embeddable":true,"href":"https:\/\/www.mallorcaliteraria.cat\/botiga\/wp-json\/wp\/v2\/media\/297"}],"wp:attachment":[{"href":"https:\/\/www.mallorcaliteraria.cat\/botiga\/wp-json\/wp\/v2\/media?parent=296"}],"wp:term":[{"taxonomy":"product_brand","embeddable":true,"href":"https:\/\/www.mallorcaliteraria.cat\/botiga\/wp-json\/wp\/v2\/product_brand?post=296"},{"taxonomy":"product_cat","embeddable":true,"href":"https:\/\/www.mallorcaliteraria.cat\/botiga\/wp-json\/wp\/v2\/product_cat?post=296"},{"taxonomy":"product_tag","embeddable":true,"href":"https:\/\/www.mallorcaliteraria.cat\/botiga\/wp-json\/wp\/v2\/product_tag?post=296"}],"curies":[{"name":"wp","href":"https:\/\/api.w.org\/{rel}","templated":true}]}}