{"id":299,"date":"2021-05-18T13:48:13","date_gmt":"2021-05-18T11:48:13","guid":{"rendered":"https:\/\/www.mallorcaliteraria.cat\/botiga\/?post_type=product&#038;p=299"},"modified":"2025-05-21T12:48:28","modified_gmt":"2025-05-21T10:48:28","slug":"llibre-mort-de-dama","status":"publish","type":"product","link":"https:\/\/www.mallorcaliteraria.cat\/botiga\/producte\/llibre-mort-de-dama\/","title":{"rendered":"Llibre: &#8220;Mort de dama&#8221;"},"content":{"rendered":"<p>Autor\/a: Lloren\u00e7 Villalonga<br \/>\nEditorial: El Club Editor, Barcelona.<br \/>\nCol\u00b7lecci\u00f3: El club dels novel\u00b7listes.<br \/>\nAny d&#8217;edici\u00f3: 1988<\/p>\n<p>Lloren\u00e7 Villalonga s&#8217;estren\u00e0 com a narrador amb la seva obra Mort de dama a l&#8217;any 1913. A l&#8217;any 1954 es produeix la segona publicaci\u00f3 a Barcelona, que li cre\u00e0 un conflicte amb correctors del Principat. L&#8217;\u00faltima publicaci\u00f3 tingu\u00e9 lloc l&#8217;any 1965. Mort de dama \u00e9s una novel\u00b7la que retrata la societat burgesa mallorquina dels anys 20. Va causar un gran esc\u00e0ndol social.<\/p>\n<p>Tapa tova, 218 p\u00e0gines.<br \/>\nMides: 19 x 13,5 cms.<\/p>\n","protected":false},"excerpt":{"rendered":"<p>Autor\/a: Lloren\u00e7 Villalonga Editorial: El Club Editor, Barcelona. Col\u00b7lecci\u00f3: El club dels novel\u00b7listes. Any d&#8217;edici\u00f3: 1988 Lloren\u00e7 Villalonga s&#8217;estren\u00e0 com a narrador amb la seva obra Mort de dama a l&#8217;any 1913. A l&#8217;any 1954 es produeix la segona publicaci\u00f3 a Barcelona, que li cre\u00e0 un conflicte amb correctors del Principat. L&#8217;\u00faltima publicaci\u00f3 tingu\u00e9 lloc [&hellip;]<\/p>\n","protected":false},"featured_media":300,"comment_status":"open","ping_status":"closed","template":"","meta":[],"product_brand":[],"product_cat":[21],"product_tag":[88],"class_list":{"0":"post-299","1":"product","2":"type-product","3":"status-publish","4":"has-post-thumbnail","6":"product_cat-bl","7":"product_tag-bl0054","9":"first","10":"instock","11":"shipping-taxable","12":"purchasable","13":"product-type-simple"},"_links":{"self":[{"href":"https:\/\/www.mallorcaliteraria.cat\/botiga\/wp-json\/wp\/v2\/product\/299","targetHints":{"allow":["GET"]}}],"collection":[{"href":"https:\/\/www.mallorcaliteraria.cat\/botiga\/wp-json\/wp\/v2\/product"}],"about":[{"href":"https:\/\/www.mallorcaliteraria.cat\/botiga\/wp-json\/wp\/v2\/types\/product"}],"replies":[{"embeddable":true,"href":"https:\/\/www.mallorcaliteraria.cat\/botiga\/wp-json\/wp\/v2\/comments?post=299"}],"wp:featuredmedia":[{"embeddable":true,"href":"https:\/\/www.mallorcaliteraria.cat\/botiga\/wp-json\/wp\/v2\/media\/300"}],"wp:attachment":[{"href":"https:\/\/www.mallorcaliteraria.cat\/botiga\/wp-json\/wp\/v2\/media?parent=299"}],"wp:term":[{"taxonomy":"product_brand","embeddable":true,"href":"https:\/\/www.mallorcaliteraria.cat\/botiga\/wp-json\/wp\/v2\/product_brand?post=299"},{"taxonomy":"product_cat","embeddable":true,"href":"https:\/\/www.mallorcaliteraria.cat\/botiga\/wp-json\/wp\/v2\/product_cat?post=299"},{"taxonomy":"product_tag","embeddable":true,"href":"https:\/\/www.mallorcaliteraria.cat\/botiga\/wp-json\/wp\/v2\/product_tag?post=299"}],"curies":[{"name":"wp","href":"https:\/\/api.w.org\/{rel}","templated":true}]}}