{"id":303,"date":"2021-05-18T13:57:00","date_gmt":"2021-05-18T11:57:00","guid":{"rendered":"https:\/\/www.mallorcaliteraria.cat\/botiga\/?post_type=product&#038;p=303"},"modified":"2025-10-14T14:44:08","modified_gmt":"2025-10-14T12:44:08","slug":"llibre-oficis-de-carrer","status":"publish","type":"product","link":"https:\/\/www.mallorcaliteraria.cat\/botiga\/producte\/llibre-oficis-de-carrer\/","title":{"rendered":"Llibre: &#8220;Oficis de carrer&#8221;"},"content":{"rendered":"<p>Autor\/a: Blai Bonet<br \/>\nAmb textos de Joan Tom\u00e0s Mart\u00ednez i Miquel Sbert.<br \/>\nEditorial: FML, Fundaci\u00f3 Sant Josep Obrer i Ajuntament de Santany\u00ed.<br \/>\nAny d&#8217;edici\u00f3: 2019<\/p>\n<p>Oficis de carrer fou escrita pera la festa de final de curs d\u2019EGB de l\u2019Escola Bisbe Verger de Santany\u00ed el 1985 i ara, 33 anys despr\u00e9s, torna a reunir els mateixos actors d\u2019aquella vegada i vol homenatjar els antics oficis propis de Santany\u00ed com el desig, les cosidores, els brodadors, els escorxaribelles, els esmoladors o el pedacer.<\/p>\n<p>Tapa tova, 59 p\u00e0gines.<\/p>\n","protected":false},"excerpt":{"rendered":"<p>Autor\/a: Blai Bonet Amb textos de Joan Tom\u00e0s Mart\u00ednez i Miquel Sbert. Editorial: FML, Fundaci\u00f3 Sant Josep Obrer i Ajuntament de Santany\u00ed. Any d&#8217;edici\u00f3: 2019 Oficis de carrer fou escrita pera la festa de final de curs d\u2019EGB de l\u2019Escola Bisbe Verger de Santany\u00ed el 1985 i ara, 33 anys despr\u00e9s, torna a reunir els [&hellip;]<\/p>\n","protected":false},"featured_media":695,"comment_status":"open","ping_status":"closed","template":"","meta":[],"product_brand":[],"product_cat":[21],"product_tag":[89],"class_list":{"0":"post-303","1":"product","2":"type-product","3":"status-publish","4":"has-post-thumbnail","6":"product_cat-bl","7":"product_tag-bl0055","9":"first","10":"instock","11":"shipping-taxable","12":"product-type-simple"},"_links":{"self":[{"href":"https:\/\/www.mallorcaliteraria.cat\/botiga\/wp-json\/wp\/v2\/product\/303","targetHints":{"allow":["GET"]}}],"collection":[{"href":"https:\/\/www.mallorcaliteraria.cat\/botiga\/wp-json\/wp\/v2\/product"}],"about":[{"href":"https:\/\/www.mallorcaliteraria.cat\/botiga\/wp-json\/wp\/v2\/types\/product"}],"replies":[{"embeddable":true,"href":"https:\/\/www.mallorcaliteraria.cat\/botiga\/wp-json\/wp\/v2\/comments?post=303"}],"wp:featuredmedia":[{"embeddable":true,"href":"https:\/\/www.mallorcaliteraria.cat\/botiga\/wp-json\/wp\/v2\/media\/695"}],"wp:attachment":[{"href":"https:\/\/www.mallorcaliteraria.cat\/botiga\/wp-json\/wp\/v2\/media?parent=303"}],"wp:term":[{"taxonomy":"product_brand","embeddable":true,"href":"https:\/\/www.mallorcaliteraria.cat\/botiga\/wp-json\/wp\/v2\/product_brand?post=303"},{"taxonomy":"product_cat","embeddable":true,"href":"https:\/\/www.mallorcaliteraria.cat\/botiga\/wp-json\/wp\/v2\/product_cat?post=303"},{"taxonomy":"product_tag","embeddable":true,"href":"https:\/\/www.mallorcaliteraria.cat\/botiga\/wp-json\/wp\/v2\/product_tag?post=303"}],"curies":[{"name":"wp","href":"https:\/\/api.w.org\/{rel}","templated":true}]}}