{"id":304,"date":"2021-05-18T13:59:43","date_gmt":"2021-05-18T11:59:43","guid":{"rendered":"https:\/\/www.mallorcaliteraria.cat\/botiga\/?post_type=product&#038;p=304"},"modified":"2025-05-21T12:48:01","modified_gmt":"2025-05-21T10:48:01","slug":"llibre-ordre-i-desordre-revolucio-transgressio-i-sexualitat-en-lobra-de-llorenc-villalonga","status":"publish","type":"product","link":"https:\/\/www.mallorcaliteraria.cat\/botiga\/producte\/llibre-ordre-i-desordre-revolucio-transgressio-i-sexualitat-en-lobra-de-llorenc-villalonga\/","title":{"rendered":"Llibre: &#8220;Ordre i desordre. Revoluci\u00f3, transgressi\u00f3 i sexualitat en l&#8217;obra de Lloren\u00e7 Villalonga&#8221;"},"content":{"rendered":"<p>Autor\/a: Ra\u00fcl David Mart\u00ednez Gili<br \/>\nEditorial: FML i Publicacions de l&#8217;Abadia de Montserrat<br \/>\nCol\u00b7lecci\u00f3: Col\u00b7lecci\u00f3 Casa Museu Lloren\u00e7 Villalonga<br \/>\nAny d&#8217;edici\u00f3: 2020<\/p>\n<p>Treball de s\u00edntesi fruit d&#8217;una profunda i acurada assimilaci\u00f3 de les idees exposades tant ais articles periodistics com a les obres de creaci\u00f3 de Lloren\u00e7 Villalonga. \u00abEl gran m\u00e8rit d&#8217;aquest assaig \u00e9s l&#8217;extraordinari treball de s\u00edntesi que representa, fruit d&#8217;una profunda i acurada assimilaci\u00f3 de les idees exposades tant als articles period\u00edstics com a les obres de creaci\u00f3 de Lloren\u00e7 Villalonga. Ra\u00fcl David Mart\u00ednez Gili desmunta els t\u00f2pics que habitualment caracteritzen els estudis sobre l&#8217;escriptor, i ho fa mitjan\u00e7ant una aproximaci\u00f3 que si b\u00e9 empra els binaris que coneixementre els quals els termes ep\u00f2nims i m\u00e9s suggeridors, ordre i desordre aconsegueix posar en relleu la continu\u00eftat d&#8217;aquests principis i la manera en qu\u00e8 entren en joc a trav\u00e9s del temps. El fil conductor, la &#8220;genealogia&#8221; dels personatges villalonguians, contextualitzada amb refer\u00e8ncia als grans esdeveniments de la hist\u00f2ria europea (i la francoalemanya en particular), revela una coher\u00e8ncia potser insospitada del pensament de l&#8217;escriptor, encara que sobre la q\u00fcesti\u00f3 del g\u00e8nere femen\u00ed\/les dones, encara no est\u00e0 tot dit.\u00bb<\/p>\n<p>Tapa tova, 248 p\u00e0gines.<br \/>\nMides: 19 x 13 cms.<\/p>\n","protected":false},"excerpt":{"rendered":"<p>Autor\/a: Ra\u00fcl David Mart\u00ednez Gili Editorial: FML i Publicacions de l&#8217;Abadia de Montserrat Col\u00b7lecci\u00f3: Col\u00b7lecci\u00f3 Casa Museu Lloren\u00e7 Villalonga Any d&#8217;edici\u00f3: 2020 Treball de s\u00edntesi fruit d&#8217;una profunda i acurada assimilaci\u00f3 de les idees exposades tant ais articles periodistics com a les obres de creaci\u00f3 de Lloren\u00e7 Villalonga. \u00abEl gran m\u00e8rit d&#8217;aquest assaig \u00e9s l&#8217;extraordinari [&hellip;]<\/p>\n","protected":false},"featured_media":305,"comment_status":"open","ping_status":"closed","template":"","meta":[],"product_brand":[],"product_cat":[21],"product_tag":[90],"class_list":{"0":"post-304","1":"product","2":"type-product","3":"status-publish","4":"has-post-thumbnail","6":"product_cat-bl","7":"product_tag-bl0056","9":"first","10":"instock","11":"shipping-taxable","12":"purchasable","13":"product-type-simple"},"_links":{"self":[{"href":"https:\/\/www.mallorcaliteraria.cat\/botiga\/wp-json\/wp\/v2\/product\/304","targetHints":{"allow":["GET"]}}],"collection":[{"href":"https:\/\/www.mallorcaliteraria.cat\/botiga\/wp-json\/wp\/v2\/product"}],"about":[{"href":"https:\/\/www.mallorcaliteraria.cat\/botiga\/wp-json\/wp\/v2\/types\/product"}],"replies":[{"embeddable":true,"href":"https:\/\/www.mallorcaliteraria.cat\/botiga\/wp-json\/wp\/v2\/comments?post=304"}],"wp:featuredmedia":[{"embeddable":true,"href":"https:\/\/www.mallorcaliteraria.cat\/botiga\/wp-json\/wp\/v2\/media\/305"}],"wp:attachment":[{"href":"https:\/\/www.mallorcaliteraria.cat\/botiga\/wp-json\/wp\/v2\/media?parent=304"}],"wp:term":[{"taxonomy":"product_brand","embeddable":true,"href":"https:\/\/www.mallorcaliteraria.cat\/botiga\/wp-json\/wp\/v2\/product_brand?post=304"},{"taxonomy":"product_cat","embeddable":true,"href":"https:\/\/www.mallorcaliteraria.cat\/botiga\/wp-json\/wp\/v2\/product_cat?post=304"},{"taxonomy":"product_tag","embeddable":true,"href":"https:\/\/www.mallorcaliteraria.cat\/botiga\/wp-json\/wp\/v2\/product_tag?post=304"}],"curies":[{"name":"wp","href":"https:\/\/api.w.org\/{rel}","templated":true}]}}