{"id":316,"date":"2021-05-18T14:34:54","date_gmt":"2021-05-18T12:34:54","guid":{"rendered":"https:\/\/www.mallorcaliteraria.cat\/botiga\/?post_type=product&#038;p=316"},"modified":"2025-05-21T12:44:24","modified_gmt":"2025-05-21T10:44:24","slug":"llibre-vida-i-obra-de-llorenc-villalonga-ii","status":"publish","type":"product","link":"https:\/\/www.mallorcaliteraria.cat\/botiga\/producte\/llibre-vida-i-obra-de-llorenc-villalonga-ii\/","title":{"rendered":"Llibre: &#8220;Vida i obra de Lloren\u00e7 Villalonga (II)&#8221;"},"content":{"rendered":"<p>Diversos autors<br \/>\nInclou textos de Rosa M. Delor, M. Josepa Gallofr\u00e9, Francesc Llad\u00f3\u2026<br \/>\nEditorial: Curial Edicions Catalanes<br \/>\nCol\u00b7lecci\u00f3: Randa<br \/>\nAny d&#8217;edici\u00f3: 1994<\/p>\n<p>&#8220;Bearn&#8221; i la fi de segle, per Reme Mataix Azuar. &#8220;Mme. Dillon\/Alicia&#8221; Documents sobre algunes provatures dels anys quaranta i cinquanta, per M. Josepa Gallofr\u00e9 Virgili. D\u00e9us, herois, persones i personatges en &#8220;L&#8217;\u00e0ngel rebel&#8221;, per Aina Perell\u00f3 i Comas. Aportaci\u00f3 a l&#8217;estudi de les fonts i els in\u00e8dits de Lloren\u00e7 Villalonga: les anotacions en els llibres de la seva biblioteca de Palma, per Gabriel Sampol. La relaci\u00f3 entre Miquel Ferr\u00e0 (Alan\u00eds) i Lloren\u00e7 Villalonga (Dhey), per Francesc Llad\u00f3 i Rotger. Lloren\u00e7 Villalonga, confident de Georges Bernanos, per Josep Massot i Muntaner. Espriu\/Villalonga: Una &#8220;Fedra&#8221; intertextual, per Rosa M. Delor i Muns. La correspond\u00e8ncia entre Llore\u00e7 Villalonga i Joan Sales, per Pilar Puidemon i Moncl\u00fas.<\/p>\n<p>Tapa tova, 159 p\u00e0gines.<br \/>\nMides: 23 x 16 cms.<\/p>\n","protected":false},"excerpt":{"rendered":"<p>Diversos autors Inclou textos de Rosa M. Delor, M. Josepa Gallofr\u00e9, Francesc Llad\u00f3\u2026 Editorial: Curial Edicions Catalanes Col\u00b7lecci\u00f3: Randa Any d&#8217;edici\u00f3: 1994 &#8220;Bearn&#8221; i la fi de segle, per Reme Mataix Azuar. &#8220;Mme. Dillon\/Alicia&#8221; Documents sobre algunes provatures dels anys quaranta i cinquanta, per M. Josepa Gallofr\u00e9 Virgili. D\u00e9us, herois, persones i personatges en &#8220;L&#8217;\u00e0ngel [&hellip;]<\/p>\n","protected":false},"featured_media":317,"comment_status":"open","ping_status":"closed","template":"","meta":[],"product_brand":[],"product_cat":[21],"product_tag":[94],"class_list":{"0":"post-316","1":"product","2":"type-product","3":"status-publish","4":"has-post-thumbnail","6":"product_cat-bl","7":"product_tag-bl0060","9":"first","10":"instock","11":"shipping-taxable","12":"purchasable","13":"product-type-simple"},"_links":{"self":[{"href":"https:\/\/www.mallorcaliteraria.cat\/botiga\/wp-json\/wp\/v2\/product\/316","targetHints":{"allow":["GET"]}}],"collection":[{"href":"https:\/\/www.mallorcaliteraria.cat\/botiga\/wp-json\/wp\/v2\/product"}],"about":[{"href":"https:\/\/www.mallorcaliteraria.cat\/botiga\/wp-json\/wp\/v2\/types\/product"}],"replies":[{"embeddable":true,"href":"https:\/\/www.mallorcaliteraria.cat\/botiga\/wp-json\/wp\/v2\/comments?post=316"}],"wp:featuredmedia":[{"embeddable":true,"href":"https:\/\/www.mallorcaliteraria.cat\/botiga\/wp-json\/wp\/v2\/media\/317"}],"wp:attachment":[{"href":"https:\/\/www.mallorcaliteraria.cat\/botiga\/wp-json\/wp\/v2\/media?parent=316"}],"wp:term":[{"taxonomy":"product_brand","embeddable":true,"href":"https:\/\/www.mallorcaliteraria.cat\/botiga\/wp-json\/wp\/v2\/product_brand?post=316"},{"taxonomy":"product_cat","embeddable":true,"href":"https:\/\/www.mallorcaliteraria.cat\/botiga\/wp-json\/wp\/v2\/product_cat?post=316"},{"taxonomy":"product_tag","embeddable":true,"href":"https:\/\/www.mallorcaliteraria.cat\/botiga\/wp-json\/wp\/v2\/product_tag?post=316"}],"curies":[{"name":"wp","href":"https:\/\/api.w.org\/{rel}","templated":true}]}}