{"id":324,"date":"2021-05-18T14:55:13","date_gmt":"2021-05-18T12:55:13","guid":{"rendered":"https:\/\/www.mallorcaliteraria.cat\/botiga\/?post_type=product&#038;p=324"},"modified":"2025-10-14T14:39:32","modified_gmt":"2025-10-14T12:39:32","slug":"llibre-recital-a-5-veus","status":"publish","type":"product","link":"https:\/\/www.mallorcaliteraria.cat\/botiga\/producte\/llibre-recital-a-5-veus\/","title":{"rendered":"Llibre: &#8220;Recital a 5 veus&#8221;"},"content":{"rendered":"<p>Autors: Jaume Pons, Raquel Gelabert, Antoni Santandreu, Margalida Matas, Concepci\u00f3 Coll<br \/>\nEditat per Fundaci\u00f3 Casa Museu Lloren\u00e7 Villalonga<br \/>\nAny d&#8217;edici\u00f3: 2008<\/p>\n<p>Aquestes &#8220;cinc veus&#8221; ens oferiren ja una magn\u00edfica mostra oral de les seves creacions a l&#8217;espai del Casal Balaguer de Palma a la tardor de l&#8217;any 2006, mostra de la qual \u00e9s aquest volum. En ell trobareu un recull de la seva darrera obra po\u00e8tica i que ens la ofereixen aleshores sense oblidar el seu caire personal, \u00edntim, que va inserit dins la seva traject\u00f2ria pr\u00f2pia i habitual, tot gaudint de la seva exist\u00e8ncia i viv\u00e8ncia quotidianes.<\/p>\n<p>Tapa tova, 55 p\u00e0gines.<br \/>\nMides: 23 x 16 cms.<\/p>\n","protected":false},"excerpt":{"rendered":"<p>Autors: Jaume Pons, Raquel Gelabert, Antoni Santandreu, Margalida Matas, Concepci\u00f3 Coll Editat per Fundaci\u00f3 Casa Museu Lloren\u00e7 Villalonga Any d&#8217;edici\u00f3: 2008 Aquestes &#8220;cinc veus&#8221; ens oferiren ja una magn\u00edfica mostra oral de les seves creacions a l&#8217;espai del Casal Balaguer de Palma a la tardor de l&#8217;any 2006, mostra de la qual \u00e9s aquest volum. [&hellip;]<\/p>\n","protected":false},"featured_media":691,"comment_status":"open","ping_status":"closed","template":"","meta":[],"product_brand":[],"product_cat":[21],"product_tag":[96],"class_list":{"0":"post-324","1":"product","2":"type-product","3":"status-publish","4":"has-post-thumbnail","6":"product_cat-bl","7":"product_tag-bl0062","9":"first","10":"instock","11":"shipping-taxable","12":"product-type-simple"},"_links":{"self":[{"href":"https:\/\/www.mallorcaliteraria.cat\/botiga\/wp-json\/wp\/v2\/product\/324","targetHints":{"allow":["GET"]}}],"collection":[{"href":"https:\/\/www.mallorcaliteraria.cat\/botiga\/wp-json\/wp\/v2\/product"}],"about":[{"href":"https:\/\/www.mallorcaliteraria.cat\/botiga\/wp-json\/wp\/v2\/types\/product"}],"replies":[{"embeddable":true,"href":"https:\/\/www.mallorcaliteraria.cat\/botiga\/wp-json\/wp\/v2\/comments?post=324"}],"wp:featuredmedia":[{"embeddable":true,"href":"https:\/\/www.mallorcaliteraria.cat\/botiga\/wp-json\/wp\/v2\/media\/691"}],"wp:attachment":[{"href":"https:\/\/www.mallorcaliteraria.cat\/botiga\/wp-json\/wp\/v2\/media?parent=324"}],"wp:term":[{"taxonomy":"product_brand","embeddable":true,"href":"https:\/\/www.mallorcaliteraria.cat\/botiga\/wp-json\/wp\/v2\/product_brand?post=324"},{"taxonomy":"product_cat","embeddable":true,"href":"https:\/\/www.mallorcaliteraria.cat\/botiga\/wp-json\/wp\/v2\/product_cat?post=324"},{"taxonomy":"product_tag","embeddable":true,"href":"https:\/\/www.mallorcaliteraria.cat\/botiga\/wp-json\/wp\/v2\/product_tag?post=324"}],"curies":[{"name":"wp","href":"https:\/\/api.w.org\/{rel}","templated":true}]}}