{"id":325,"date":"2021-05-18T14:57:34","date_gmt":"2021-05-18T12:57:34","guid":{"rendered":"https:\/\/www.mallorcaliteraria.cat\/botiga\/?post_type=product&#038;p=325"},"modified":"2025-05-21T12:40:56","modified_gmt":"2025-05-21T10:40:56","slug":"llibre-relats","status":"publish","type":"product","link":"https:\/\/www.mallorcaliteraria.cat\/botiga\/producte\/llibre-relats\/","title":{"rendered":"Llibre: &#8220;Relats&#8221;"},"content":{"rendered":"<p>Autor\/a: Lloren\u00e7 Villalonga<br \/>\nEditorial: Bromera.<br \/>\nCol\u00b7lecci\u00f3: Els nostres autors<br \/>\nAny d&#8217;edici\u00f3: 1996<\/p>\n<p>Es pot afirmar amb rotunditat que aquest recull de contes de Villalonga \u00e9s una bona mostra de la millor narrativa breu que la nostra literatura ha donat durant el segle XX. En la tria efectuada pel professor Oleza es reconeixen les l\u00ednies mestres que conformen l&#8217;obra de l&#8217;escriptor mallorqu\u00ed: el to sat\u00edric, la caricatura esperp\u00e8ntica, l&#8217;\u00e8pica de l&#8217;aristocr\u00e0cia illenca en declivi, la passi\u00f3 per la psicologia dels personatges o el conte moral i filos\u00f2fic.<\/p>\n<p>Tapa tova, 240 p\u00e0gines.<br \/>\nMides: 20,5 x 13 cms.<\/p>\n","protected":false},"excerpt":{"rendered":"<p>Autor\/a: Lloren\u00e7 Villalonga Editorial: Bromera. Col\u00b7lecci\u00f3: Els nostres autors Any d&#8217;edici\u00f3: 1996 Es pot afirmar amb rotunditat que aquest recull de contes de Villalonga \u00e9s una bona mostra de la millor narrativa breu que la nostra literatura ha donat durant el segle XX. En la tria efectuada pel professor Oleza es reconeixen les l\u00ednies mestres [&hellip;]<\/p>\n","protected":false},"featured_media":326,"comment_status":"open","ping_status":"closed","template":"","meta":[],"product_brand":[],"product_cat":[21],"product_tag":[97],"class_list":{"0":"post-325","1":"product","2":"type-product","3":"status-publish","4":"has-post-thumbnail","6":"product_cat-bl","7":"product_tag-bl0063","9":"first","10":"instock","11":"shipping-taxable","12":"purchasable","13":"product-type-simple"},"_links":{"self":[{"href":"https:\/\/www.mallorcaliteraria.cat\/botiga\/wp-json\/wp\/v2\/product\/325","targetHints":{"allow":["GET"]}}],"collection":[{"href":"https:\/\/www.mallorcaliteraria.cat\/botiga\/wp-json\/wp\/v2\/product"}],"about":[{"href":"https:\/\/www.mallorcaliteraria.cat\/botiga\/wp-json\/wp\/v2\/types\/product"}],"replies":[{"embeddable":true,"href":"https:\/\/www.mallorcaliteraria.cat\/botiga\/wp-json\/wp\/v2\/comments?post=325"}],"wp:featuredmedia":[{"embeddable":true,"href":"https:\/\/www.mallorcaliteraria.cat\/botiga\/wp-json\/wp\/v2\/media\/326"}],"wp:attachment":[{"href":"https:\/\/www.mallorcaliteraria.cat\/botiga\/wp-json\/wp\/v2\/media?parent=325"}],"wp:term":[{"taxonomy":"product_brand","embeddable":true,"href":"https:\/\/www.mallorcaliteraria.cat\/botiga\/wp-json\/wp\/v2\/product_brand?post=325"},{"taxonomy":"product_cat","embeddable":true,"href":"https:\/\/www.mallorcaliteraria.cat\/botiga\/wp-json\/wp\/v2\/product_cat?post=325"},{"taxonomy":"product_tag","embeddable":true,"href":"https:\/\/www.mallorcaliteraria.cat\/botiga\/wp-json\/wp\/v2\/product_tag?post=325"}],"curies":[{"name":"wp","href":"https:\/\/api.w.org\/{rel}","templated":true}]}}