{"id":329,"date":"2021-05-18T15:00:53","date_gmt":"2021-05-18T13:00:53","guid":{"rendered":"https:\/\/www.mallorcaliteraria.cat\/botiga\/?post_type=product&#038;p=329"},"modified":"2025-05-21T12:40:21","modified_gmt":"2025-05-21T10:40:21","slug":"llibre-mossen-alcover-una-vida-dera-i-no-era","status":"publish","type":"product","link":"https:\/\/www.mallorcaliteraria.cat\/botiga\/producte\/llibre-mossen-alcover-una-vida-dera-i-no-era\/","title":{"rendered":"Llibre: &#8220;Moss\u00e8n Alcover. Una vida d&#8217;Era i no era&#8221;"},"content":{"rendered":"<p>Autor\/a: Tomeu Vidal Piz\u00e0<br \/>\nEditorial: FML i Publicacions de l&#8217;Abadia de Montserrat<br \/>\nCol\u00b7lecci\u00f3: Col\u00b7lecci\u00f3 Casa Museu Lloren\u00e7 Villalonga<br \/>\nAny d&#8217;edici\u00f3: 2004<\/p>\n<p>L&#8217;obra i l&#8217;enorme personalitat d&#8217;Antoni Maria Alcover (Manacor 1862 &#8211; Palma 1932) continuen seduint encara avui dia, m\u00e9s de setanta anys despr\u00e9s de la seva mort, els investigadors. Aquest llibre ha estat guardonat amb el premi Casa Museu Lloren\u00e7 Villalonga i ens convida a aproximar-nos, en un to am\u00e8 i dist\u00e8s, per\u00f2 sense perdre gens de rigorositat, al dia a dia d&#8217;aquest patriarca de les lletres. Alhora, tamb\u00e9 serem testimonis del bategar de l\u2019illa entre el final del segle XIX i el principi del XX.<\/p>\n<p>Tapa tova, 135 p\u00e0gines.<br \/>\nMides: 19 x 13 cms.<\/p>\n","protected":false},"excerpt":{"rendered":"<p>Autor\/a: Tomeu Vidal Piz\u00e0 Editorial: FML i Publicacions de l&#8217;Abadia de Montserrat Col\u00b7lecci\u00f3: Col\u00b7lecci\u00f3 Casa Museu Lloren\u00e7 Villalonga Any d&#8217;edici\u00f3: 2004 L&#8217;obra i l&#8217;enorme personalitat d&#8217;Antoni Maria Alcover (Manacor 1862 &#8211; Palma 1932) continuen seduint encara avui dia, m\u00e9s de setanta anys despr\u00e9s de la seva mort, els investigadors. Aquest llibre ha estat guardonat amb [&hellip;]<\/p>\n","protected":false},"featured_media":330,"comment_status":"open","ping_status":"closed","template":"","meta":[],"product_brand":[],"product_cat":[21],"product_tag":[98],"class_list":{"0":"post-329","1":"product","2":"type-product","3":"status-publish","4":"has-post-thumbnail","6":"product_cat-bl","7":"product_tag-bl0064","9":"first","10":"instock","11":"shipping-taxable","12":"purchasable","13":"product-type-simple"},"_links":{"self":[{"href":"https:\/\/www.mallorcaliteraria.cat\/botiga\/wp-json\/wp\/v2\/product\/329","targetHints":{"allow":["GET"]}}],"collection":[{"href":"https:\/\/www.mallorcaliteraria.cat\/botiga\/wp-json\/wp\/v2\/product"}],"about":[{"href":"https:\/\/www.mallorcaliteraria.cat\/botiga\/wp-json\/wp\/v2\/types\/product"}],"replies":[{"embeddable":true,"href":"https:\/\/www.mallorcaliteraria.cat\/botiga\/wp-json\/wp\/v2\/comments?post=329"}],"wp:featuredmedia":[{"embeddable":true,"href":"https:\/\/www.mallorcaliteraria.cat\/botiga\/wp-json\/wp\/v2\/media\/330"}],"wp:attachment":[{"href":"https:\/\/www.mallorcaliteraria.cat\/botiga\/wp-json\/wp\/v2\/media?parent=329"}],"wp:term":[{"taxonomy":"product_brand","embeddable":true,"href":"https:\/\/www.mallorcaliteraria.cat\/botiga\/wp-json\/wp\/v2\/product_brand?post=329"},{"taxonomy":"product_cat","embeddable":true,"href":"https:\/\/www.mallorcaliteraria.cat\/botiga\/wp-json\/wp\/v2\/product_cat?post=329"},{"taxonomy":"product_tag","embeddable":true,"href":"https:\/\/www.mallorcaliteraria.cat\/botiga\/wp-json\/wp\/v2\/product_tag?post=329"}],"curies":[{"name":"wp","href":"https:\/\/api.w.org\/{rel}","templated":true}]}}