{"id":333,"date":"2021-05-18T15:04:04","date_gmt":"2021-05-18T13:04:04","guid":{"rendered":"https:\/\/www.mallorcaliteraria.cat\/botiga\/?post_type=product&#038;p=333"},"modified":"2025-05-21T12:40:04","modified_gmt":"2025-05-21T10:40:04","slug":"llibre-irene-i-la-terra-adormida-una-rondalla-per-a-la-nit-de-les-animes","status":"publish","type":"product","link":"https:\/\/www.mallorcaliteraria.cat\/botiga\/producte\/llibre-irene-i-la-terra-adormida-una-rondalla-per-a-la-nit-de-les-animes\/","title":{"rendered":"Llibre: &#8220;Irene i la terra adormida. Una rondalla per a la nit de les \u00e0nimes&#8221;"},"content":{"rendered":"<p>Autors: Lucia Pietrelli (text), Francesc Vicens (partitura.<br \/>\nAmb textos de Carme Castells i Joana M. Serra<br \/>\nEditorial: FML i Documenta Balear<br \/>\nCol\u00b7lecci\u00f3:<br \/>\nAny d&#8217;edici\u00f3: 2018<\/p>\n<p>Mentre que la societat actual ha est\u00e8s un vel de misteri i trag\u00e8dia envers tot all\u00f2 relacionat amb la mort, en el tradicionari hi trobem les claus per establir una nova relaci\u00f3 comprensiva del sentit de la mort en relaci\u00f3 amb la vida, assumint l\u2019exist\u00e8ncia de cicles naturals dels quals som part i amb els quals la humanitat, en moltes cultures i \u00e8poques diverses, ha sabut relacionar-se. Irene i la terra adormida \u00e9s una aproximaci\u00f3 a aquests rituals i el seu sentit profund a trav\u00e9s de la m\u00fasica, la paraula i el joc esc\u00e8nic. L\u2019obra parteix d\u2019un paral\u00b7lelisme antin\u00f2mic que es d\u00f3na cada any pel novembre: mentre se sembra i s\u2019enterren les llavors que donaran fruit i flor en els propers mesos, els difunts abandonen el seu lloc sota terra per sortir i tornar a voltar pel m\u00f3n dels vius durant tota una nit, segons la tradici\u00f3. Aquest doble moviment -la llavor entra i els difunts surten- constitueix el primer al\u00e8 de l\u2019obra que persegueix les passes d\u2019Irene, una nina difunta que en la Nit de les \u00c0nimes tindr\u00e0 l\u2019oportunitat de retornar per unes hores al m\u00f3n dels vius.<\/p>\n<p>Tapa tova, 160 p\u00e0gines.<br \/>\nMides: 30 x 21 cms.<\/p>\n","protected":false},"excerpt":{"rendered":"<p>Autors: Lucia Pietrelli (text), Francesc Vicens (partitura. Amb textos de Carme Castells i Joana M. Serra Editorial: FML i Documenta Balear Col\u00b7lecci\u00f3: Any d&#8217;edici\u00f3: 2018 Mentre que la societat actual ha est\u00e8s un vel de misteri i trag\u00e8dia envers tot all\u00f2 relacionat amb la mort, en el tradicionari hi trobem les claus per establir una [&hellip;]<\/p>\n","protected":false},"featured_media":334,"comment_status":"open","ping_status":"closed","template":"","meta":[],"product_brand":[],"product_cat":[21],"product_tag":[99],"class_list":{"0":"post-333","1":"product","2":"type-product","3":"status-publish","4":"has-post-thumbnail","6":"product_cat-bl","7":"product_tag-bl0065","9":"first","10":"instock","11":"shipping-taxable","12":"purchasable","13":"product-type-simple"},"_links":{"self":[{"href":"https:\/\/www.mallorcaliteraria.cat\/botiga\/wp-json\/wp\/v2\/product\/333","targetHints":{"allow":["GET"]}}],"collection":[{"href":"https:\/\/www.mallorcaliteraria.cat\/botiga\/wp-json\/wp\/v2\/product"}],"about":[{"href":"https:\/\/www.mallorcaliteraria.cat\/botiga\/wp-json\/wp\/v2\/types\/product"}],"replies":[{"embeddable":true,"href":"https:\/\/www.mallorcaliteraria.cat\/botiga\/wp-json\/wp\/v2\/comments?post=333"}],"wp:featuredmedia":[{"embeddable":true,"href":"https:\/\/www.mallorcaliteraria.cat\/botiga\/wp-json\/wp\/v2\/media\/334"}],"wp:attachment":[{"href":"https:\/\/www.mallorcaliteraria.cat\/botiga\/wp-json\/wp\/v2\/media?parent=333"}],"wp:term":[{"taxonomy":"product_brand","embeddable":true,"href":"https:\/\/www.mallorcaliteraria.cat\/botiga\/wp-json\/wp\/v2\/product_brand?post=333"},{"taxonomy":"product_cat","embeddable":true,"href":"https:\/\/www.mallorcaliteraria.cat\/botiga\/wp-json\/wp\/v2\/product_cat?post=333"},{"taxonomy":"product_tag","embeddable":true,"href":"https:\/\/www.mallorcaliteraria.cat\/botiga\/wp-json\/wp\/v2\/product_tag?post=333"}],"curies":[{"name":"wp","href":"https:\/\/api.w.org\/{rel}","templated":true}]}}