{"id":341,"date":"2021-05-26T11:38:23","date_gmt":"2021-05-26T09:38:23","guid":{"rendered":"https:\/\/www.mallorcaliteraria.cat\/botiga\/?post_type=product&#038;p=341"},"modified":"2025-05-21T12:39:14","modified_gmt":"2025-05-21T10:39:14","slug":"llibre-bibliografia-de-i-sobre-llorenc-villalonga","status":"publish","type":"product","link":"https:\/\/www.mallorcaliteraria.cat\/botiga\/producte\/llibre-bibliografia-de-i-sobre-llorenc-villalonga\/","title":{"rendered":"Llibre: &#8220;Bibliografia de i sobre Lloren\u00e7 Villalonga&#8221;"},"content":{"rendered":"<p>Diversos autors.<br \/>\nEditorial: Miquel Font, Editor Mallorca.<br \/>\nCol\u00b7lecci\u00f3: Alicorn\/11.<br \/>\nAny d&#8217;edici\u00f3: 1999<\/p>\n<p>Lloren\u00e7 Villalonga (Palma, 1897-1980) va ser un escriptor prol\u00edfic, els textos del qual varen apar\u00e8ixer a llocs molt diversos. Durant la major part de la seva vida, des del 1914, va col\u00b7laborar habitualment a la premsa mallorquina. Per aquest motiu, una part important dels seus escrits \u00e9s de dif\u00edcil localitzaci\u00f3. A m\u00e9s, el ress\u00f2 que a partir dels anys seixanta la seva obra ha tingut en les lletres catalanes hi ha multiplicitat el nombre d&#8217;articles i d&#8217;estudis sobre la seva obra. Aquesta bibliografia de i sobre Lloren\u00e7 Villalonga, sense pretendre una exhaustivitat absoluta, pot ser una eina d&#8217;una gran utilitat per a tots aquells, lectors i investigadors, que vulguin endinsar-se en el coneixement del nostre autor.<\/p>\n<p>Tapa tova, 159 p\u00e0gines.<br \/>\nMides: 20 x 14,5 cms. <\/p>\n","protected":false},"excerpt":{"rendered":"<p>Diversos autors. Editorial: Miquel Font, Editor Mallorca. Col\u00b7lecci\u00f3: Alicorn\/11. Any d&#8217;edici\u00f3: 1999 Lloren\u00e7 Villalonga (Palma, 1897-1980) va ser un escriptor prol\u00edfic, els textos del qual varen apar\u00e8ixer a llocs molt diversos. Durant la major part de la seva vida, des del 1914, va col\u00b7laborar habitualment a la premsa mallorquina. Per aquest motiu, una part important [&hellip;]<\/p>\n","protected":false},"featured_media":342,"comment_status":"open","ping_status":"closed","template":"","meta":[],"product_brand":[],"product_cat":[21],"product_tag":[101],"class_list":{"0":"post-341","1":"product","2":"type-product","3":"status-publish","4":"has-post-thumbnail","6":"product_cat-bl","7":"product_tag-bl0011","9":"first","10":"instock","11":"shipping-taxable","12":"purchasable","13":"product-type-simple"},"_links":{"self":[{"href":"https:\/\/www.mallorcaliteraria.cat\/botiga\/wp-json\/wp\/v2\/product\/341","targetHints":{"allow":["GET"]}}],"collection":[{"href":"https:\/\/www.mallorcaliteraria.cat\/botiga\/wp-json\/wp\/v2\/product"}],"about":[{"href":"https:\/\/www.mallorcaliteraria.cat\/botiga\/wp-json\/wp\/v2\/types\/product"}],"replies":[{"embeddable":true,"href":"https:\/\/www.mallorcaliteraria.cat\/botiga\/wp-json\/wp\/v2\/comments?post=341"}],"wp:featuredmedia":[{"embeddable":true,"href":"https:\/\/www.mallorcaliteraria.cat\/botiga\/wp-json\/wp\/v2\/media\/342"}],"wp:attachment":[{"href":"https:\/\/www.mallorcaliteraria.cat\/botiga\/wp-json\/wp\/v2\/media?parent=341"}],"wp:term":[{"taxonomy":"product_brand","embeddable":true,"href":"https:\/\/www.mallorcaliteraria.cat\/botiga\/wp-json\/wp\/v2\/product_brand?post=341"},{"taxonomy":"product_cat","embeddable":true,"href":"https:\/\/www.mallorcaliteraria.cat\/botiga\/wp-json\/wp\/v2\/product_cat?post=341"},{"taxonomy":"product_tag","embeddable":true,"href":"https:\/\/www.mallorcaliteraria.cat\/botiga\/wp-json\/wp\/v2\/product_tag?post=341"}],"curies":[{"name":"wp","href":"https:\/\/api.w.org\/{rel}","templated":true}]}}