{"id":456,"date":"2022-04-12T18:50:08","date_gmt":"2022-04-12T16:50:08","guid":{"rendered":"https:\/\/www.mallorcaliteraria.cat\/botiga\/?post_type=product&#038;p=456"},"modified":"2025-05-21T12:38:50","modified_gmt":"2025-05-21T10:38:50","slug":"llibre-calendari-folkloric-de-mallorca-primavera","status":"publish","type":"product","link":"https:\/\/www.mallorcaliteraria.cat\/botiga\/producte\/llibre-calendari-folkloric-de-mallorca-primavera\/","title":{"rendered":"Llibre: &#8220;Calendari Folkl\u00f3ric de Mallorca: Primavera&#8221;"},"content":{"rendered":"<p>Autor\/a: Rafel Ginard.<br \/>\nEdici\u00f3 a cura d&#8217;Andreu Ramis i Miquel Sbert.<br \/>\nCoordinaci\u00f3: Joana M. Serra<br \/>\nEditorial: FML i Sa\u00efm Edicions.<br \/>\nAny d&#8217;edici\u00f3: 2022<\/p>\n<p>El calendari folkl\u00f2ric de Mallorca \u00e9s un corpus del patrimoni cultural immaterial de l\u2019illa, un testimoni de la relaci\u00f3 de l\u2019home amb el seu entorn. Aquesta edici\u00f3 divulgativa reuneix els continguts corresponents a la Primavera, ren\u00e8ixer, brostar, florir, reviscolar, ressuscitar, s\u00f3n verbs que s&#8217;escauen a la primavera. Aquest \u00e9s el tercer volum de la col\u00b7lecci\u00f3.<\/p>\n<p>Tapa dura, 305 p\u00e0gines.<br \/>\nMides: 28 x 19,5 cms.<\/p>\n","protected":false},"excerpt":{"rendered":"<p>Autor\/a: Rafel Ginard. Edici\u00f3 a cura d&#8217;Andreu Ramis i Miquel Sbert. Coordinaci\u00f3: Joana M. Serra Editorial: FML i Sa\u00efm Edicions. Any d&#8217;edici\u00f3: 2022 El calendari folkl\u00f2ric de Mallorca \u00e9s un corpus del patrimoni cultural immaterial de l\u2019illa, un testimoni de la relaci\u00f3 de l\u2019home amb el seu entorn. Aquesta edici\u00f3 divulgativa reuneix els continguts corresponents [&hellip;]<\/p>\n","protected":false},"featured_media":487,"comment_status":"open","ping_status":"closed","template":"","meta":[],"product_brand":[],"product_cat":[21],"product_tag":[],"class_list":{"0":"post-456","1":"product","2":"type-product","3":"status-publish","4":"has-post-thumbnail","6":"product_cat-bl","8":"first","9":"instock","10":"shipping-taxable","11":"purchasable","12":"product-type-simple"},"_links":{"self":[{"href":"https:\/\/www.mallorcaliteraria.cat\/botiga\/wp-json\/wp\/v2\/product\/456","targetHints":{"allow":["GET"]}}],"collection":[{"href":"https:\/\/www.mallorcaliteraria.cat\/botiga\/wp-json\/wp\/v2\/product"}],"about":[{"href":"https:\/\/www.mallorcaliteraria.cat\/botiga\/wp-json\/wp\/v2\/types\/product"}],"replies":[{"embeddable":true,"href":"https:\/\/www.mallorcaliteraria.cat\/botiga\/wp-json\/wp\/v2\/comments?post=456"}],"wp:featuredmedia":[{"embeddable":true,"href":"https:\/\/www.mallorcaliteraria.cat\/botiga\/wp-json\/wp\/v2\/media\/487"}],"wp:attachment":[{"href":"https:\/\/www.mallorcaliteraria.cat\/botiga\/wp-json\/wp\/v2\/media?parent=456"}],"wp:term":[{"taxonomy":"product_brand","embeddable":true,"href":"https:\/\/www.mallorcaliteraria.cat\/botiga\/wp-json\/wp\/v2\/product_brand?post=456"},{"taxonomy":"product_cat","embeddable":true,"href":"https:\/\/www.mallorcaliteraria.cat\/botiga\/wp-json\/wp\/v2\/product_cat?post=456"},{"taxonomy":"product_tag","embeddable":true,"href":"https:\/\/www.mallorcaliteraria.cat\/botiga\/wp-json\/wp\/v2\/product_tag?post=456"}],"curies":[{"name":"wp","href":"https:\/\/api.w.org\/{rel}","templated":true}]}}