{"id":464,"date":"2022-04-12T19:36:09","date_gmt":"2022-04-12T17:36:09","guid":{"rendered":"https:\/\/www.mallorcaliteraria.cat\/botiga\/?post_type=product&#038;p=464"},"modified":"2025-05-21T12:38:26","modified_gmt":"2025-05-21T10:38:26","slug":"llibre-andrea-victrix-english","status":"publish","type":"product","link":"https:\/\/www.mallorcaliteraria.cat\/botiga\/producte\/llibre-andrea-victrix-english\/","title":{"rendered":"Llibre: &#8220;Andrea V\u00edctrix&#8221; (english)"},"content":{"rendered":"<p>Autor\/a: Lloren\u00e7 Villalonga.<br \/>\nEditorial: Fum d&#8217;Estampa Press.<br \/>\nTraducci\u00f3: P. Louise Johnson<br \/>\nAny d&#8217;edici\u00f3: 2021<\/p>\n<p>Part socio-political essay, part dystopian fiction, Andrea V\u00edctrix presents a shockingly prescient vision of Palma, Mallorca in 2050. In comparing the anonymous narrator&#8217;s &#8220;Traditional&#8221; 1960s values with a future society that has done away with family and gender, Villalonga sets up an intriguing interplay between the narrator and the androgynous Andrea V\u00edctrix, so-called Director of Pleasure, in a powerfully satirical, sometimes ironic exploration of contemporary issues such as gender and sexuality, soncumerism, environmental disaster and the politics of big business.<\/p>\n<p>Tapa tova, 296 p\u00e0gines.<br \/>\nMides: 19,5 x 13 cms.<\/p>\n","protected":false},"excerpt":{"rendered":"<p>Autor\/a: Lloren\u00e7 Villalonga. Editorial: Fum d&#8217;Estampa Press. Traducci\u00f3: P. Louise Johnson Any d&#8217;edici\u00f3: 2021 Part socio-political essay, part dystopian fiction, Andrea V\u00edctrix presents a shockingly prescient vision of Palma, Mallorca in 2050. In comparing the anonymous narrator&#8217;s &#8220;Traditional&#8221; 1960s values with a future society that has done away with family and gender, Villalonga sets up [&hellip;]<\/p>\n","protected":false},"featured_media":481,"comment_status":"open","ping_status":"closed","template":"","meta":[],"product_brand":[],"product_cat":[21],"product_tag":[],"class_list":{"0":"post-464","1":"product","2":"type-product","3":"status-publish","4":"has-post-thumbnail","6":"product_cat-bl","8":"first","9":"instock","10":"shipping-taxable","11":"purchasable","12":"product-type-simple"},"_links":{"self":[{"href":"https:\/\/www.mallorcaliteraria.cat\/botiga\/wp-json\/wp\/v2\/product\/464","targetHints":{"allow":["GET"]}}],"collection":[{"href":"https:\/\/www.mallorcaliteraria.cat\/botiga\/wp-json\/wp\/v2\/product"}],"about":[{"href":"https:\/\/www.mallorcaliteraria.cat\/botiga\/wp-json\/wp\/v2\/types\/product"}],"replies":[{"embeddable":true,"href":"https:\/\/www.mallorcaliteraria.cat\/botiga\/wp-json\/wp\/v2\/comments?post=464"}],"wp:featuredmedia":[{"embeddable":true,"href":"https:\/\/www.mallorcaliteraria.cat\/botiga\/wp-json\/wp\/v2\/media\/481"}],"wp:attachment":[{"href":"https:\/\/www.mallorcaliteraria.cat\/botiga\/wp-json\/wp\/v2\/media?parent=464"}],"wp:term":[{"taxonomy":"product_brand","embeddable":true,"href":"https:\/\/www.mallorcaliteraria.cat\/botiga\/wp-json\/wp\/v2\/product_brand?post=464"},{"taxonomy":"product_cat","embeddable":true,"href":"https:\/\/www.mallorcaliteraria.cat\/botiga\/wp-json\/wp\/v2\/product_cat?post=464"},{"taxonomy":"product_tag","embeddable":true,"href":"https:\/\/www.mallorcaliteraria.cat\/botiga\/wp-json\/wp\/v2\/product_tag?post=464"}],"curies":[{"name":"wp","href":"https:\/\/api.w.org\/{rel}","templated":true}]}}