{"id":496,"date":"2022-06-21T19:52:30","date_gmt":"2022-06-21T17:52:30","guid":{"rendered":"https:\/\/www.mallorcaliteraria.cat\/botiga\/?post_type=product&#038;p=496"},"modified":"2023-10-03T15:20:31","modified_gmt":"2023-10-03T13:20:31","slug":"llibre-calendari-folkloric-de-mallorca-estiu","status":"publish","type":"product","link":"https:\/\/www.mallorcaliteraria.cat\/botiga\/producte\/llibre-calendari-folkloric-de-mallorca-estiu\/","title":{"rendered":"Llibre: &#8220;Calendari Folkl\u00f3ric de Mallorca: Estiu&#8221;"},"content":{"rendered":"<p>Autor\/a: Rafel Ginard.<br \/>\nEdici\u00f3 a cura d&#8217;Andreu Ramis i Miquel Sbert.<br \/>\nCoordinaci\u00f3: Joana M. Serra<br \/>\nEditorial: FML i Sa\u00efm Edicions.<br \/>\nAny d&#8217;edici\u00f3: 2022<\/p>\n<p>El calendari folkl\u00f2ric de Mallorca \u00e9s un corpus del patrimoni cultural immaterial de l\u2019illa, vinculat, especialment, als coneixements i sabers tradicionals.<\/p>\n<p>En aquest tom es reuneixen els continguts corresponents a l&#8217;estiu, \u00e8poca de molt\u00edssima activitat al camp. Les festes d&#8217;estiu esdevenen el bess\u00f3 d&#8217;aquest volum i palesen la import\u00e0ncia que Ginard dona a l&#8217;acte l\u00fadic i festiu que trenca amb la mon\u00f2tona circularitat del calendari.<\/p>\n<p>Tapa dura, 287 p\u00e0gines.<br \/>\nMides: 28 x 19,5 cms.<\/p>\n","protected":false},"excerpt":{"rendered":"<p>Autor\/a: Rafel Ginard. Edici\u00f3 a cura d&#8217;Andreu Ramis i Miquel Sbert. Coordinaci\u00f3: Joana M. Serra Editorial: FML i Sa\u00efm Edicions. Any d&#8217;edici\u00f3: 2022 El calendari folkl\u00f2ric de Mallorca \u00e9s un corpus del patrimoni cultural immaterial de l\u2019illa, vinculat, especialment, als coneixements i sabers tradicionals. En aquest tom es reuneixen els continguts corresponents a l&#8217;estiu, \u00e8poca [&hellip;]<\/p>\n","protected":false},"featured_media":498,"comment_status":"open","ping_status":"closed","template":"","meta":[],"product_brand":[],"product_cat":[21],"product_tag":[],"class_list":{"0":"post-496","1":"product","2":"type-product","3":"status-publish","4":"has-post-thumbnail","6":"product_cat-bl","8":"first","9":"instock","10":"shipping-taxable","11":"purchasable","12":"product-type-simple"},"_links":{"self":[{"href":"https:\/\/www.mallorcaliteraria.cat\/botiga\/wp-json\/wp\/v2\/product\/496","targetHints":{"allow":["GET"]}}],"collection":[{"href":"https:\/\/www.mallorcaliteraria.cat\/botiga\/wp-json\/wp\/v2\/product"}],"about":[{"href":"https:\/\/www.mallorcaliteraria.cat\/botiga\/wp-json\/wp\/v2\/types\/product"}],"replies":[{"embeddable":true,"href":"https:\/\/www.mallorcaliteraria.cat\/botiga\/wp-json\/wp\/v2\/comments?post=496"}],"wp:featuredmedia":[{"embeddable":true,"href":"https:\/\/www.mallorcaliteraria.cat\/botiga\/wp-json\/wp\/v2\/media\/498"}],"wp:attachment":[{"href":"https:\/\/www.mallorcaliteraria.cat\/botiga\/wp-json\/wp\/v2\/media?parent=496"}],"wp:term":[{"taxonomy":"product_brand","embeddable":true,"href":"https:\/\/www.mallorcaliteraria.cat\/botiga\/wp-json\/wp\/v2\/product_brand?post=496"},{"taxonomy":"product_cat","embeddable":true,"href":"https:\/\/www.mallorcaliteraria.cat\/botiga\/wp-json\/wp\/v2\/product_cat?post=496"},{"taxonomy":"product_tag","embeddable":true,"href":"https:\/\/www.mallorcaliteraria.cat\/botiga\/wp-json\/wp\/v2\/product_tag?post=496"}],"curies":[{"name":"wp","href":"https:\/\/api.w.org\/{rel}","templated":true}]}}