{"id":500,"date":"2022-06-21T20:03:12","date_gmt":"2022-06-21T18:03:12","guid":{"rendered":"https:\/\/www.mallorcaliteraria.cat\/botiga\/?post_type=product&#038;p=500"},"modified":"2025-05-21T12:37:56","modified_gmt":"2025-05-21T10:37:56","slug":"llibre-das-meer-deutsch","status":"publish","type":"product","link":"https:\/\/www.mallorcaliteraria.cat\/botiga\/producte\/llibre-das-meer-deutsch\/","title":{"rendered":"Llibre: &#8220;Das Meer&#8221; (deutsch)"},"content":{"rendered":"<p>Blai Bonet (1926-1997, Santany\u00ed, Mallorca) schrieb Das Meer als junger Mann. 1957 erhielt er daf\u00fcr den Premi Joanot Martorell, den seinerzeit wichtigsen Preis f\u00fcr unver\u00f6ffentlichte Prosa in katalanischer Sprache. Verehrt als Lyriker umfasst sein Werk Romane, Dramen und Journale.<\/p>\n<p>&nbsp;<\/p>\n<p>Gebunden, 273 Seiten.<\/p>\n<p>Gr\u00f6<span class=\"Y2IQFc\" lang=\"de\">\u00dfe: 20 x 14 cm.<\/span><\/p>\n","protected":false},"excerpt":{"rendered":"<p>Blai Bonet (1926-1997, Santany\u00ed, Mallorca) schrieb Das Meer als junger Mann. 1957 erhielt er daf\u00fcr den Premi Joanot Martorell, den seinerzeit wichtigsen Preis f\u00fcr unver\u00f6ffentlichte Prosa in katalanischer Sprache. Verehrt als Lyriker umfasst sein Werk Romane, Dramen und Journale. &nbsp; Gebunden, 273 Seiten. Gr\u00f6\u00dfe: 20 x 14 cm.<\/p>\n","protected":false},"featured_media":501,"comment_status":"open","ping_status":"closed","template":"","meta":[],"product_brand":[],"product_cat":[21],"product_tag":[],"class_list":{"0":"post-500","1":"product","2":"type-product","3":"status-publish","4":"has-post-thumbnail","6":"product_cat-bl","8":"first","9":"instock","10":"shipping-taxable","11":"purchasable","12":"product-type-simple"},"_links":{"self":[{"href":"https:\/\/www.mallorcaliteraria.cat\/botiga\/wp-json\/wp\/v2\/product\/500","targetHints":{"allow":["GET"]}}],"collection":[{"href":"https:\/\/www.mallorcaliteraria.cat\/botiga\/wp-json\/wp\/v2\/product"}],"about":[{"href":"https:\/\/www.mallorcaliteraria.cat\/botiga\/wp-json\/wp\/v2\/types\/product"}],"replies":[{"embeddable":true,"href":"https:\/\/www.mallorcaliteraria.cat\/botiga\/wp-json\/wp\/v2\/comments?post=500"}],"wp:featuredmedia":[{"embeddable":true,"href":"https:\/\/www.mallorcaliteraria.cat\/botiga\/wp-json\/wp\/v2\/media\/501"}],"wp:attachment":[{"href":"https:\/\/www.mallorcaliteraria.cat\/botiga\/wp-json\/wp\/v2\/media?parent=500"}],"wp:term":[{"taxonomy":"product_brand","embeddable":true,"href":"https:\/\/www.mallorcaliteraria.cat\/botiga\/wp-json\/wp\/v2\/product_brand?post=500"},{"taxonomy":"product_cat","embeddable":true,"href":"https:\/\/www.mallorcaliteraria.cat\/botiga\/wp-json\/wp\/v2\/product_cat?post=500"},{"taxonomy":"product_tag","embeddable":true,"href":"https:\/\/www.mallorcaliteraria.cat\/botiga\/wp-json\/wp\/v2\/product_tag?post=500"}],"curies":[{"name":"wp","href":"https:\/\/api.w.org\/{rel}","templated":true}]}}