{"id":555,"date":"2023-04-24T16:18:59","date_gmt":"2023-04-24T14:18:59","guid":{"rendered":"https:\/\/www.mallorcaliteraria.cat\/botiga\/?post_type=product&#038;p=555"},"modified":"2024-02-26T05:50:45","modified_gmt":"2024-02-26T03:50:45","slug":"llibre-calendari-folkloric-de-mallorca-hivern","status":"publish","type":"product","link":"https:\/\/www.mallorcaliteraria.cat\/botiga\/producte\/llibre-calendari-folkloric-de-mallorca-hivern\/","title":{"rendered":"Llibre: &#8220;Calendari Folkl\u00f3ric de Mallorca: Hivern&#8221;"},"content":{"rendered":"<p>Autor\/a: Rafel Ginard.<br \/>\nEdici\u00f3 a cura d&#8217;Andreu Ramis i Miquel Sbert.<br \/>\nCoordinaci\u00f3: Joana M. Serra<br \/>\nEditorial: FML i Sa\u00efm Edicions.<br \/>\nAny d&#8217;edici\u00f3: 2022<\/p>\n<p>El calendari folkl\u00f2ric de Mallorca \u00e9s un corpus del patrimoni cultural immaterial de l\u2019illa, vinculat, especialment, als coneixements i sabers tradicionals.<\/p>\n<p>En aquest tom es reuneixen els continguts corresponents a l&#8217;hivern, l&#8217;hivern de pocs i curts dies que ofereix la darrera mesada de l&#8217;any.<\/p>\n<p>A m\u00e9s dels jorns assenyalats al voltant de les festes de Nadal, Rafel Ginard ens brinda una informaci\u00f3 sucosa a trav\u00e9s de diversos quadres tem\u00e0tics que oscil\u00b7len entre l&#8217;inter\u00e8s gastron\u00f2mic i algunes mostres poc usuals de la poesia de caire popular.<\/p>\n<p>Tapa dura, 231 p\u00e0gines.<br \/>\nMides: 28 x 19,5 cms.<\/p>\n","protected":false},"excerpt":{"rendered":"<p>Autor\/a: Rafel Ginard. Edici\u00f3 a cura d&#8217;Andreu Ramis i Miquel Sbert. Coordinaci\u00f3: Joana M. Serra Editorial: FML i Sa\u00efm Edicions. Any d&#8217;edici\u00f3: 2022 El calendari folkl\u00f2ric de Mallorca \u00e9s un corpus del patrimoni cultural immaterial de l\u2019illa, vinculat, especialment, als coneixements i sabers tradicionals. En aquest tom es reuneixen els continguts corresponents a l&#8217;hivern, l&#8217;hivern [&hellip;]<\/p>\n","protected":false},"featured_media":556,"comment_status":"open","ping_status":"closed","template":"","meta":[],"product_brand":[],"product_cat":[21],"product_tag":[],"class_list":{"0":"post-555","1":"product","2":"type-product","3":"status-publish","4":"has-post-thumbnail","6":"product_cat-bl","8":"first","9":"instock","10":"shipping-taxable","11":"purchasable","12":"product-type-simple"},"_links":{"self":[{"href":"https:\/\/www.mallorcaliteraria.cat\/botiga\/wp-json\/wp\/v2\/product\/555","targetHints":{"allow":["GET"]}}],"collection":[{"href":"https:\/\/www.mallorcaliteraria.cat\/botiga\/wp-json\/wp\/v2\/product"}],"about":[{"href":"https:\/\/www.mallorcaliteraria.cat\/botiga\/wp-json\/wp\/v2\/types\/product"}],"replies":[{"embeddable":true,"href":"https:\/\/www.mallorcaliteraria.cat\/botiga\/wp-json\/wp\/v2\/comments?post=555"}],"wp:featuredmedia":[{"embeddable":true,"href":"https:\/\/www.mallorcaliteraria.cat\/botiga\/wp-json\/wp\/v2\/media\/556"}],"wp:attachment":[{"href":"https:\/\/www.mallorcaliteraria.cat\/botiga\/wp-json\/wp\/v2\/media?parent=555"}],"wp:term":[{"taxonomy":"product_brand","embeddable":true,"href":"https:\/\/www.mallorcaliteraria.cat\/botiga\/wp-json\/wp\/v2\/product_brand?post=555"},{"taxonomy":"product_cat","embeddable":true,"href":"https:\/\/www.mallorcaliteraria.cat\/botiga\/wp-json\/wp\/v2\/product_cat?post=555"},{"taxonomy":"product_tag","embeddable":true,"href":"https:\/\/www.mallorcaliteraria.cat\/botiga\/wp-json\/wp\/v2\/product_tag?post=555"}],"curies":[{"name":"wp","href":"https:\/\/api.w.org\/{rel}","templated":true}]}}