{"id":646,"date":"2025-05-20T13:41:30","date_gmt":"2025-05-20T11:41:30","guid":{"rendered":"https:\/\/www.mallorcaliteraria.cat\/botiga\/?post_type=product&#038;p=646"},"modified":"2025-05-21T12:32:27","modified_gmt":"2025-05-21T10:32:27","slug":"copa-poeteca-2025-maria-beneyto","status":"publish","type":"product","link":"https:\/\/www.mallorcaliteraria.cat\/botiga\/producte\/copa-poeteca-2025-maria-beneyto\/","title":{"rendered":"Copa Poeteca 2025, Maria Beneyto"},"content":{"rendered":"<p>Copa de la col\u00b7lecci\u00f3 Poeteca, edici\u00f3 2025<br \/>\nDedicada a Maria Beneyto, amb el vers:<br \/>\n&#8220;De flama s\u00f3c i d&#8217;aigua d&#8217;elements sempre en guerra\u2026&#8221;<\/p>\n<p>Impressi\u00f3 sublimada en blanc sobre vidre transparent.<br \/>\nModel: Vict\u00f2ria<br \/>\nDi\u00e0metre: 86,5 mm<br \/>\nAltura: 221 mm<br \/>\nCapacitat: 47 cl<br \/>\nVidre temperat. M\u00e0xima resist\u00e8ncia en el peu de la copa. Resistent al xoc t\u00e8rmic. Apta per a microones i rentaplats.<br \/>\n* Per conservar durant m\u00e9s temps la impressi\u00f3, \u00e9s recomanable netejar a m\u00e0 amb sab\u00f3 rentavaixelles convencional, i evitar posar en la m\u00e0quina rentaplats.<\/p>\n","protected":false},"excerpt":{"rendered":"<p>Copa de la col\u00b7lecci\u00f3 Poeteca, edici\u00f3 2025 Dedicada a Maria Beneyto, amb el vers: &#8220;De flama s\u00f3c i d&#8217;aigua d&#8217;elements sempre en guerra\u2026&#8221; Impressi\u00f3 sublimada en blanc sobre vidre transparent. Model: Vict\u00f2ria Di\u00e0metre: 86,5 mm Altura: 221 mm Capacitat: 47 cl Vidre temperat. M\u00e0xima resist\u00e8ncia en el peu de la copa. Resistent al xoc t\u00e8rmic. [&hellip;]<\/p>\n","protected":false},"featured_media":650,"comment_status":"open","ping_status":"closed","template":"","meta":[],"product_brand":[],"product_cat":[24],"product_tag":[],"class_list":{"0":"post-646","1":"product","2":"type-product","3":"status-publish","4":"has-post-thumbnail","6":"product_cat-ba","8":"first","9":"instock","10":"shipping-taxable","11":"purchasable","12":"product-type-simple"},"_links":{"self":[{"href":"https:\/\/www.mallorcaliteraria.cat\/botiga\/wp-json\/wp\/v2\/product\/646","targetHints":{"allow":["GET"]}}],"collection":[{"href":"https:\/\/www.mallorcaliteraria.cat\/botiga\/wp-json\/wp\/v2\/product"}],"about":[{"href":"https:\/\/www.mallorcaliteraria.cat\/botiga\/wp-json\/wp\/v2\/types\/product"}],"replies":[{"embeddable":true,"href":"https:\/\/www.mallorcaliteraria.cat\/botiga\/wp-json\/wp\/v2\/comments?post=646"}],"wp:featuredmedia":[{"embeddable":true,"href":"https:\/\/www.mallorcaliteraria.cat\/botiga\/wp-json\/wp\/v2\/media\/650"}],"wp:attachment":[{"href":"https:\/\/www.mallorcaliteraria.cat\/botiga\/wp-json\/wp\/v2\/media?parent=646"}],"wp:term":[{"taxonomy":"product_brand","embeddable":true,"href":"https:\/\/www.mallorcaliteraria.cat\/botiga\/wp-json\/wp\/v2\/product_brand?post=646"},{"taxonomy":"product_cat","embeddable":true,"href":"https:\/\/www.mallorcaliteraria.cat\/botiga\/wp-json\/wp\/v2\/product_cat?post=646"},{"taxonomy":"product_tag","embeddable":true,"href":"https:\/\/www.mallorcaliteraria.cat\/botiga\/wp-json\/wp\/v2\/product_tag?post=646"}],"curies":[{"name":"wp","href":"https:\/\/api.w.org\/{rel}","templated":true}]}}