{"id":660,"date":"2025-09-11T13:49:12","date_gmt":"2025-09-11T11:49:12","guid":{"rendered":"https:\/\/www.mallorcaliteraria.cat\/botiga\/?post_type=product&#038;p=660"},"modified":"2025-10-09T11:51:59","modified_gmt":"2025-10-09T09:51:59","slug":"la-generacio-literaria-dels-70-25-escriptors-nascuts-entre-1939-1949","status":"publish","type":"product","link":"https:\/\/www.mallorcaliteraria.cat\/botiga\/producte\/la-generacio-literaria-dels-70-25-escriptors-nascuts-entre-1939-1949\/","title":{"rendered":"La Generaci\u00f3 Liter\u00e0ria dels 70 &#8211; 25 escriptors nascuts entre 1939-1949"},"content":{"rendered":"<p>Reedici\u00f3 del llibre original de 1971.<\/p>\n<p>Preu del llibre desglossat &gt;&gt;\u00a0 5\u20ac + 3,10\u20ac despeses enviament= 8,10\u20ac<\/p>\n<p>&nbsp;<\/p>\n","protected":false},"excerpt":{"rendered":"<p>Reedici\u00f3 del llibre original de 1971. Preu del llibre desglossat &gt;&gt;\u00a0 5\u20ac + 3,10\u20ac despeses enviament= 8,10\u20ac &nbsp;<\/p>\n","protected":false},"featured_media":661,"comment_status":"open","ping_status":"closed","template":"","meta":[],"product_brand":[],"product_cat":[21],"product_tag":[],"class_list":{"0":"post-660","1":"product","2":"type-product","3":"status-publish","4":"has-post-thumbnail","6":"product_cat-bl","8":"first","9":"instock","10":"shipping-taxable","11":"purchasable","12":"product-type-simple"},"_links":{"self":[{"href":"https:\/\/www.mallorcaliteraria.cat\/botiga\/wp-json\/wp\/v2\/product\/660","targetHints":{"allow":["GET"]}}],"collection":[{"href":"https:\/\/www.mallorcaliteraria.cat\/botiga\/wp-json\/wp\/v2\/product"}],"about":[{"href":"https:\/\/www.mallorcaliteraria.cat\/botiga\/wp-json\/wp\/v2\/types\/product"}],"replies":[{"embeddable":true,"href":"https:\/\/www.mallorcaliteraria.cat\/botiga\/wp-json\/wp\/v2\/comments?post=660"}],"wp:featuredmedia":[{"embeddable":true,"href":"https:\/\/www.mallorcaliteraria.cat\/botiga\/wp-json\/wp\/v2\/media\/661"}],"wp:attachment":[{"href":"https:\/\/www.mallorcaliteraria.cat\/botiga\/wp-json\/wp\/v2\/media?parent=660"}],"wp:term":[{"taxonomy":"product_brand","embeddable":true,"href":"https:\/\/www.mallorcaliteraria.cat\/botiga\/wp-json\/wp\/v2\/product_brand?post=660"},{"taxonomy":"product_cat","embeddable":true,"href":"https:\/\/www.mallorcaliteraria.cat\/botiga\/wp-json\/wp\/v2\/product_cat?post=660"},{"taxonomy":"product_tag","embeddable":true,"href":"https:\/\/www.mallorcaliteraria.cat\/botiga\/wp-json\/wp\/v2\/product_tag?post=660"}],"curies":[{"name":"wp","href":"https:\/\/api.w.org\/{rel}","templated":true}]}}