{"id":75,"date":"2021-05-17T11:27:34","date_gmt":"2021-05-17T09:27:34","guid":{"rendered":"https:\/\/www.mallorcaliteraria.cat\/webNova\/botiga\/?post_type=product&#038;p=75"},"modified":"2025-10-09T12:45:53","modified_gmt":"2025-10-09T10:45:53","slug":"carpeta-bartomeu-rossello-porcel","status":"publish","type":"product","link":"https:\/\/www.mallorcaliteraria.cat\/botiga\/producte\/carpeta-bartomeu-rossello-porcel\/","title":{"rendered":"Carpeta: Bartomeu  Rossell\u00f3-P\u00f2rcel"},"content":{"rendered":"<p>Carpeta creada en homenatge al poeta Bartomeu Rossell\u00f3-P\u00f2rcel, amb impressions a gran format (45&#215;32 cms) de poemes de l&#8217;autor i l\u00e0mines de l&#8217;artista Jaume Falconer.<br \/>\nInclou 7 l\u00e0mines de poemes + 7 l\u00e0mines il\u00b7lustrades.<br \/>\nUna edici\u00f3 de la UIB, Servei de Publicacions.<br \/>\nMida: 50 x 35 cms<\/p>\n","protected":false},"excerpt":{"rendered":"<p>Carpeta creada en homenatge al poeta Bartomeu Rossell\u00f3-P\u00f2rcel, amb impressions a gran format (45&#215;32 cms) de poemes de l&#8217;autor i l\u00e0mines de l&#8217;artista Jaume Falconer. Inclou 7 l\u00e0mines de poemes + 7 l\u00e0mines il\u00b7lustrades. Una edici\u00f3 de la UIB, Servei de Publicacions. Mida: 50 x 35 cms<\/p>\n","protected":false},"featured_media":683,"comment_status":"open","ping_status":"closed","template":"","meta":[],"product_brand":[],"product_cat":[24],"product_tag":[28],"class_list":{"0":"post-75","1":"product","2":"type-product","3":"status-publish","4":"has-post-thumbnail","6":"product_cat-ba","7":"product_tag-ba0001","9":"first","10":"instock","11":"shipping-taxable","12":"purchasable","13":"product-type-simple"},"_links":{"self":[{"href":"https:\/\/www.mallorcaliteraria.cat\/botiga\/wp-json\/wp\/v2\/product\/75","targetHints":{"allow":["GET"]}}],"collection":[{"href":"https:\/\/www.mallorcaliteraria.cat\/botiga\/wp-json\/wp\/v2\/product"}],"about":[{"href":"https:\/\/www.mallorcaliteraria.cat\/botiga\/wp-json\/wp\/v2\/types\/product"}],"replies":[{"embeddable":true,"href":"https:\/\/www.mallorcaliteraria.cat\/botiga\/wp-json\/wp\/v2\/comments?post=75"}],"wp:featuredmedia":[{"embeddable":true,"href":"https:\/\/www.mallorcaliteraria.cat\/botiga\/wp-json\/wp\/v2\/media\/683"}],"wp:attachment":[{"href":"https:\/\/www.mallorcaliteraria.cat\/botiga\/wp-json\/wp\/v2\/media?parent=75"}],"wp:term":[{"taxonomy":"product_brand","embeddable":true,"href":"https:\/\/www.mallorcaliteraria.cat\/botiga\/wp-json\/wp\/v2\/product_brand?post=75"},{"taxonomy":"product_cat","embeddable":true,"href":"https:\/\/www.mallorcaliteraria.cat\/botiga\/wp-json\/wp\/v2\/product_cat?post=75"},{"taxonomy":"product_tag","embeddable":true,"href":"https:\/\/www.mallorcaliteraria.cat\/botiga\/wp-json\/wp\/v2\/product_tag?post=75"}],"curies":[{"name":"wp","href":"https:\/\/api.w.org\/{rel}","templated":true}]}}