{"id":759,"date":"2026-03-20T17:30:58","date_gmt":"2026-03-20T15:30:58","guid":{"rendered":"https:\/\/www.mallorcaliteraria.cat\/botiga\/?post_type=product&#038;p=759"},"modified":"2026-03-20T17:35:09","modified_gmt":"2026-03-20T15:35:09","slug":"copa-poeteca-2026-joan-alcover","status":"publish","type":"product","link":"https:\/\/www.mallorcaliteraria.cat\/botiga\/producte\/copa-poeteca-2026-joan-alcover\/","title":{"rendered":"Copa Poeteca 2026, Joan Alcover"},"content":{"rendered":"<p>Copa de la col\u00b7lecci\u00f3 Poeteca, edici\u00f3 2026<br \/>\nDedicada a Joan Alcover, amb el vers:<br \/>\n&#8220;Qualque cosa bull encara al fons de mon esperit&#8221;<\/p>\n<p>Gravat cristall amb laser 3 &#8211; 5&#215;3 cm sobre vidre transparent.<br \/>\nModel: Vict\u00f2ria<br \/>\nDi\u00e0metre: 86,5 mm<br \/>\nAltura: 221 mm<br \/>\nCapacitat: 47 cl<br \/>\nVidre temperat. M\u00e0xima resist\u00e8ncia en el peu de la copa. Resistent al xoc t\u00e8rmic. Apta per a microones i rentaplats.<br \/>\n* Per conservar durant m\u00e9s temps la impressi\u00f3, \u00e9s recomanable netejar a m\u00e0 amb sab\u00f3 rentavaixelles convencional, i evitar posar en la m\u00e0quina rentaplats.<\/p>\n","protected":false},"excerpt":{"rendered":"<p>Copa de la col\u00b7lecci\u00f3 Poeteca, edici\u00f3 2026 Dedicada a Joan Alcover, amb el vers: &#8220;Qualque cosa bull encara al fons de mon esperit&#8221; Gravat cristall amb laser 3 &#8211; 5&#215;3 cm sobre vidre transparent. Model: Vict\u00f2ria Di\u00e0metre: 86,5 mm Altura: 221 mm Capacitat: 47 cl Vidre temperat. M\u00e0xima resist\u00e8ncia en el peu de la copa. [&hellip;]<\/p>\n","protected":false},"featured_media":751,"comment_status":"open","ping_status":"closed","template":"","meta":[],"product_brand":[],"product_cat":[24],"product_tag":[],"class_list":{"0":"post-759","1":"product","2":"type-product","3":"status-publish","4":"has-post-thumbnail","6":"product_cat-ba","8":"first","9":"instock","10":"shipping-taxable","11":"purchasable","12":"product-type-simple"},"_links":{"self":[{"href":"https:\/\/www.mallorcaliteraria.cat\/botiga\/wp-json\/wp\/v2\/product\/759","targetHints":{"allow":["GET"]}}],"collection":[{"href":"https:\/\/www.mallorcaliteraria.cat\/botiga\/wp-json\/wp\/v2\/product"}],"about":[{"href":"https:\/\/www.mallorcaliteraria.cat\/botiga\/wp-json\/wp\/v2\/types\/product"}],"replies":[{"embeddable":true,"href":"https:\/\/www.mallorcaliteraria.cat\/botiga\/wp-json\/wp\/v2\/comments?post=759"}],"wp:featuredmedia":[{"embeddable":true,"href":"https:\/\/www.mallorcaliteraria.cat\/botiga\/wp-json\/wp\/v2\/media\/751"}],"wp:attachment":[{"href":"https:\/\/www.mallorcaliteraria.cat\/botiga\/wp-json\/wp\/v2\/media?parent=759"}],"wp:term":[{"taxonomy":"product_brand","embeddable":true,"href":"https:\/\/www.mallorcaliteraria.cat\/botiga\/wp-json\/wp\/v2\/product_brand?post=759"},{"taxonomy":"product_cat","embeddable":true,"href":"https:\/\/www.mallorcaliteraria.cat\/botiga\/wp-json\/wp\/v2\/product_cat?post=759"},{"taxonomy":"product_tag","embeddable":true,"href":"https:\/\/www.mallorcaliteraria.cat\/botiga\/wp-json\/wp\/v2\/product_tag?post=759"}],"curies":[{"name":"wp","href":"https:\/\/api.w.org\/{rel}","templated":true}]}}